{"id":2896,"date":"2023-03-01T04:47:36","date_gmt":"2023-03-01T03:47:36","guid":{"rendered":"http:\/\/localhost\/site_eldino7\/?post_type=product&#038;p=2896"},"modified":"2023-10-28T06:01:57","modified_gmt":"2023-10-28T04:01:57","slug":"clavier-a-code-sans-fil","status":"publish","type":"product","link":"https:\/\/eldino.tn\/en\/product\/clavier-a-code-sans-fil\/","title":{"rendered":"Wireless Keypad"},"content":{"rendered":"<p>Le clavier \u00e0 code est associ\u00e9 \u00e0 une motorisation de portail ou de porte de garage et agit comme une radiocommande pour contr\u00f4ler l\u2019ouverture ou la fermeture de l\u2019automatisme.<br \/>\nCe clavier \u00e0 codes comporte 10 emplacements de m\u00e9moire, il est donc possible de m\u00e9moriser jusqu\u2019\u00e0 10 codes d\u2019acc\u00e8s diff\u00e9rents. Vous ne pourrez pas cr\u00e9er de code identique sur deux canaux diff\u00e9rents (chaque emplacement m\u00e9moire commence par un chiffre diff\u00e8rent donc vous ne pourrez pas avoir deux codes qui commencent par le m\u00eame chiffre). Les codes d\u2019acc\u00e8s sont compos\u00e9s de chiffres de 0 \u00e0 9, et doivent imp\u00e9rativement contenir 4 chiffres.<br \/>\nL\u2019installation du clavier va d\u00e9pendre du support sur lequel il sera pos\u00e9, de la distance avec le r\u00e9cepteur du portail, des obstacles et de leur nature, plac\u00e9s entre ou autour de lui.<br \/>\nAussi, nous vous conseillons de programmer tout d\u2019abord le clavier et de l&rsquo;enregistrer sur votre automatisme avant son installation finale.<\/p>","protected":false},"excerpt":{"rendered":"<p>CCSF501<\/p>","protected":false},"featured_media":3136,"template":"","meta":{"_kadence_starter_templates_imported_post":false,"_kad_post_transparent":"default","_kad_post_title":"","_kad_post_layout":"default","_kad_post_sidebar_id":"","_kad_post_content_style":"default","_kad_post_vertical_padding":"default","_kad_post_feature":"","_kad_post_feature_position":"","_kad_post_header":false,"_kad_post_footer":false},"product_cat":[22],"product_tag":[],"class_list":{"0":"post-2896","1":"product","2":"type-product","3":"status-publish","4":"has-post-thumbnail","6":"product_cat-motorisation","8":"first","9":"instock","10":"shipping-taxable","11":"product-type-simple","12":"entry","13":"content-bg","14":"loop-entry"},"yoast_head":"<!-- This site is optimized with the Yoast SEO plugin v22.4 - https:\/\/yoast.com\/wordpress\/plugins\/seo\/ -->\n<title>Clavier \u00e0 code sans fil - ELDINO<\/title>\n<meta name=\"description\" content=\"Le clavier \u00e0 code est associ\u00e9 \u00e0 une motorisation de portail et agit comme une radiocommande pour contr\u00f4ler l\u2019ouverture ou la fermeture de l\u2019automatisme.\" \/>\n<meta name=\"robots\" content=\"index, follow, max-snippet:-1, max-image-preview:large, max-video-preview:-1\" \/>\n<link rel=\"canonical\" href=\"https:\/\/eldino.tn\/en\/product\/clavier-a-code-sans-fil\/\" \/>\n<meta property=\"og:locale\" content=\"en_GB\" \/>\n<meta property=\"og:type\" content=\"article\" \/>\n<meta property=\"og:title\" content=\"Clavier \u00e0 code sans fil - ELDINO\" \/>\n<meta property=\"og:description\" content=\"Le clavier \u00e0 code est associ\u00e9 \u00e0 une motorisation de portail et agit comme une radiocommande pour contr\u00f4ler l\u2019ouverture ou la fermeture de l\u2019automatisme.\" \/>\n<meta property=\"og:url\" content=\"https:\/\/eldino.tn\/en\/product\/clavier-a-code-sans-fil\/\" \/>\n<meta property=\"og:site_name\" content=\"ELDINO\" \/>\n<meta property=\"article:publisher\" content=\"https:\/\/www.facebook.com\/profile.php?id=100091975544146\" \/>\n<meta property=\"article:modified_time\" content=\"2023-10-28T04:01:57+00:00\" \/>\n<meta property=\"og:image\" content=\"https:\/\/eldino.tn\/wp-content\/uploads\/2023\/03\/clavier-1.jpg\" \/>\n\t<meta property=\"og:image:width\" content=\"1200\" \/>\n\t<meta property=\"og:image:height\" content=\"800\" \/>\n\t<meta property=\"og:image:type\" content=\"image\/jpeg\" \/>\n<meta name=\"twitter:card\" content=\"summary_large_image\" \/>\n<meta name=\"twitter:label1\" content=\"Estimated reading time\" \/>\n\t<meta name=\"twitter:data1\" content=\"1 minute\" \/>\n<script type=\"application\/ld+json\" class=\"yoast-schema-graph\">{\"@context\":\"https:\/\/schema.org\",\"@graph\":[{\"@type\":\"WebPage\",\"@id\":\"https:\/\/eldino.tn\/produit\/clavier-a-code-sans-fil\/\",\"url\":\"https:\/\/eldino.tn\/produit\/clavier-a-code-sans-fil\/\",\"name\":\"Clavier \u00e0 code sans fil - ELDINO\",\"isPartOf\":{\"@id\":\"https:\/\/eldino.tn\/#website\"},\"primaryImageOfPage\":{\"@id\":\"https:\/\/eldino.tn\/produit\/clavier-a-code-sans-fil\/#primaryimage\"},\"image\":{\"@id\":\"https:\/\/eldino.tn\/produit\/clavier-a-code-sans-fil\/#primaryimage\"},\"thumbnailUrl\":\"https:\/\/eldino.tn\/wp-content\/uploads\/2023\/03\/clavier-1.jpg\",\"datePublished\":\"2023-03-01T03:47:36+00:00\",\"dateModified\":\"2023-10-28T04:01:57+00:00\",\"description\":\"Le clavier \u00e0 code est associ\u00e9 \u00e0 une motorisation de portail et agit comme une radiocommande pour contr\u00f4ler l\u2019ouverture ou la fermeture de l\u2019automatisme.\",\"breadcrumb\":{\"@id\":\"https:\/\/eldino.tn\/produit\/clavier-a-code-sans-fil\/#breadcrumb\"},\"inLanguage\":\"en-GB\",\"potentialAction\":[{\"@type\":\"ReadAction\",\"target\":[\"https:\/\/eldino.tn\/produit\/clavier-a-code-sans-fil\/\"]}]},{\"@type\":\"ImageObject\",\"inLanguage\":\"en-GB\",\"@id\":\"https:\/\/eldino.tn\/produit\/clavier-a-code-sans-fil\/#primaryimage\",\"url\":\"https:\/\/eldino.tn\/wp-content\/uploads\/2023\/03\/clavier-1.jpg\",\"contentUrl\":\"https:\/\/eldino.tn\/wp-content\/uploads\/2023\/03\/clavier-1.jpg\",\"width\":1200,\"height\":800,\"caption\":\"clavier \u00e0 code sans fil (digicode)\"},{\"@type\":\"BreadcrumbList\",\"@id\":\"https:\/\/eldino.tn\/produit\/clavier-a-code-sans-fil\/#breadcrumb\",\"itemListElement\":[{\"@type\":\"ListItem\",\"position\":1,\"name\":\"Accueil\",\"item\":\"https:\/\/eldino.tn\/\"},{\"@type\":\"ListItem\",\"position\":2,\"name\":\"Produits\",\"item\":\"https:\/\/eldino.tn\/produits\/\"},{\"@type\":\"ListItem\",\"position\":3,\"name\":\"Clavier \u00e0 code sans fil\"}]},{\"@type\":\"WebSite\",\"@id\":\"https:\/\/eldino.tn\/#website\",\"url\":\"https:\/\/eldino.tn\/\",\"name\":\"ELDINO\",\"description\":\"\",\"publisher\":{\"@id\":\"https:\/\/eldino.tn\/#organization\"},\"potentialAction\":[{\"@type\":\"SearchAction\",\"target\":{\"@type\":\"EntryPoint\",\"urlTemplate\":\"https:\/\/eldino.tn\/?s={search_term_string}\"},\"query-input\":\"required name=search_term_string\"}],\"inLanguage\":\"en-GB\"},{\"@type\":\"Organization\",\"@id\":\"https:\/\/eldino.tn\/#organization\",\"name\":\"ELDINO\",\"url\":\"https:\/\/eldino.tn\/\",\"logo\":{\"@type\":\"ImageObject\",\"inLanguage\":\"en-GB\",\"@id\":\"https:\/\/eldino.tn\/#\/schema\/logo\/image\/\",\"url\":\"https:\/\/eldino.tn\/wp-content\/uploads\/2023\/03\/logo-eldino3-1.png\",\"contentUrl\":\"https:\/\/eldino.tn\/wp-content\/uploads\/2023\/03\/logo-eldino3-1.png\",\"width\":1976,\"height\":655,\"caption\":\"ELDINO\"},\"image\":{\"@id\":\"https:\/\/eldino.tn\/#\/schema\/logo\/image\/\"},\"sameAs\":[\"https:\/\/www.facebook.com\/profile.php?id=100091975544146\"]}]}<\/script>\n<!-- \/ Yoast SEO plugin. -->","yoast_head_json":{"title":"Clavier \u00e0 code sans fil - ELDINO","description":"Le clavier \u00e0 code est associ\u00e9 \u00e0 une motorisation de portail et agit comme une radiocommande pour contr\u00f4ler l\u2019ouverture ou la fermeture de l\u2019automatisme.","robots":{"index":"index","follow":"follow","max-snippet":"max-snippet:-1","max-image-preview":"max-image-preview:large","max-video-preview":"max-video-preview:-1"},"canonical":"https:\/\/eldino.tn\/en\/product\/clavier-a-code-sans-fil\/","og_locale":"en_GB","og_type":"article","og_title":"Clavier \u00e0 code sans fil - ELDINO","og_description":"Le clavier \u00e0 code est associ\u00e9 \u00e0 une motorisation de portail et agit comme une radiocommande pour contr\u00f4ler l\u2019ouverture ou la fermeture de l\u2019automatisme.","og_url":"https:\/\/eldino.tn\/en\/product\/clavier-a-code-sans-fil\/","og_site_name":"ELDINO","article_publisher":"https:\/\/www.facebook.com\/profile.php?id=100091975544146","article_modified_time":"2023-10-28T04:01:57+00:00","og_image":[{"width":1200,"height":800,"url":"https:\/\/eldino.tn\/wp-content\/uploads\/2023\/03\/clavier-1.jpg","type":"image\/jpeg"}],"twitter_card":"summary_large_image","twitter_misc":{"Estimated reading time":"1 minute"},"schema":{"@context":"https:\/\/schema.org","@graph":[{"@type":"WebPage","@id":"https:\/\/eldino.tn\/produit\/clavier-a-code-sans-fil\/","url":"https:\/\/eldino.tn\/produit\/clavier-a-code-sans-fil\/","name":"Clavier \u00e0 code sans fil - ELDINO","isPartOf":{"@id":"https:\/\/eldino.tn\/#website"},"primaryImageOfPage":{"@id":"https:\/\/eldino.tn\/produit\/clavier-a-code-sans-fil\/#primaryimage"},"image":{"@id":"https:\/\/eldino.tn\/produit\/clavier-a-code-sans-fil\/#primaryimage"},"thumbnailUrl":"https:\/\/eldino.tn\/wp-content\/uploads\/2023\/03\/clavier-1.jpg","datePublished":"2023-03-01T03:47:36+00:00","dateModified":"2023-10-28T04:01:57+00:00","description":"Le clavier \u00e0 code est associ\u00e9 \u00e0 une motorisation de portail et agit comme une radiocommande pour contr\u00f4ler l\u2019ouverture ou la fermeture de l\u2019automatisme.","breadcrumb":{"@id":"https:\/\/eldino.tn\/produit\/clavier-a-code-sans-fil\/#breadcrumb"},"inLanguage":"en-GB","potentialAction":[{"@type":"ReadAction","target":["https:\/\/eldino.tn\/produit\/clavier-a-code-sans-fil\/"]}]},{"@type":"ImageObject","inLanguage":"en-GB","@id":"https:\/\/eldino.tn\/produit\/clavier-a-code-sans-fil\/#primaryimage","url":"https:\/\/eldino.tn\/wp-content\/uploads\/2023\/03\/clavier-1.jpg","contentUrl":"https:\/\/eldino.tn\/wp-content\/uploads\/2023\/03\/clavier-1.jpg","width":1200,"height":800,"caption":"clavier \u00e0 code sans fil (digicode)"},{"@type":"BreadcrumbList","@id":"https:\/\/eldino.tn\/produit\/clavier-a-code-sans-fil\/#breadcrumb","itemListElement":[{"@type":"ListItem","position":1,"name":"Accueil","item":"https:\/\/eldino.tn\/"},{"@type":"ListItem","position":2,"name":"Produits","item":"https:\/\/eldino.tn\/produits\/"},{"@type":"ListItem","position":3,"name":"Clavier \u00e0 code sans fil"}]},{"@type":"WebSite","@id":"https:\/\/eldino.tn\/#website","url":"https:\/\/eldino.tn\/","name":"ELDINO","description":"","publisher":{"@id":"https:\/\/eldino.tn\/#organization"},"potentialAction":[{"@type":"SearchAction","target":{"@type":"EntryPoint","urlTemplate":"https:\/\/eldino.tn\/?s={search_term_string}"},"query-input":"required name=search_term_string"}],"inLanguage":"en-GB"},{"@type":"Organization","@id":"https:\/\/eldino.tn\/#organization","name":"ELDINO","url":"https:\/\/eldino.tn\/","logo":{"@type":"ImageObject","inLanguage":"en-GB","@id":"https:\/\/eldino.tn\/#\/schema\/logo\/image\/","url":"https:\/\/eldino.tn\/wp-content\/uploads\/2023\/03\/logo-eldino3-1.png","contentUrl":"https:\/\/eldino.tn\/wp-content\/uploads\/2023\/03\/logo-eldino3-1.png","width":1976,"height":655,"caption":"ELDINO"},"image":{"@id":"https:\/\/eldino.tn\/#\/schema\/logo\/image\/"},"sameAs":["https:\/\/www.facebook.com\/profile.php?id=100091975544146"]}]}},"_links":{"self":[{"href":"https:\/\/eldino.tn\/en\/wp-json\/wp\/v2\/product\/2896","targetHints":{"allow":["GET"]}}],"collection":[{"href":"https:\/\/eldino.tn\/en\/wp-json\/wp\/v2\/product"}],"about":[{"href":"https:\/\/eldino.tn\/en\/wp-json\/wp\/v2\/types\/product"}],"wp:featuredmedia":[{"embeddable":true,"href":"https:\/\/eldino.tn\/en\/wp-json\/wp\/v2\/media\/3136"}],"wp:attachment":[{"href":"https:\/\/eldino.tn\/en\/wp-json\/wp\/v2\/media?parent=2896"}],"wp:term":[{"taxonomy":"product_cat","embeddable":true,"href":"https:\/\/eldino.tn\/en\/wp-json\/wp\/v2\/product_cat?post=2896"},{"taxonomy":"product_tag","embeddable":true,"href":"https:\/\/eldino.tn\/en\/wp-json\/wp\/v2\/product_tag?post=2896"}],"curies":[{"name":"wp","href":"https:\/\/api.w.org\/{rel}","templated":true}]}}