{"id":2892,"date":"2023-03-01T04:34:09","date_gmt":"2023-03-01T03:34:09","guid":{"rendered":"http:\/\/localhost\/site_eldino7\/?post_type=product&#038;p=2892"},"modified":"2023-10-30T17:16:00","modified_gmt":"2023-10-30T16:16:00","slug":"photocellule","status":"publish","type":"product","link":"https:\/\/eldino.tn\/en\/product\/photocellule\/","title":{"rendered":"Photocell"},"content":{"rendered":"<p>Le jeu de photocellule joue un r\u00f4le essentiel dans la gestion du mouvement des moteurs. Il permet non seulement d&rsquo;arr\u00eater ou d&rsquo;inverser la direction du moteur en cas de danger, mais offre \u00e9galement une s\u00e9curit\u00e9 accrue en garantissant une r\u00e9ponse imm\u00e9diate face \u00e0 tout obstacle rencontr\u00e9 sur son chemin. Cette technologie sophistiqu\u00e9e assure un contr\u00f4le pr\u00e9cis et fiable du mouvement, contribuant ainsi \u00e0 la pr\u00e9vention des accidents et \u00e0 la protection des biens et des personnes.<\/p>","protected":false},"excerpt":{"rendered":"<p>PH301<\/p>","protected":false},"featured_media":3129,"template":"","meta":{"_kadence_starter_templates_imported_post":false,"_kad_post_transparent":"default","_kad_post_title":"","_kad_post_layout":"default","_kad_post_sidebar_id":"","_kad_post_content_style":"default","_kad_post_vertical_padding":"default","_kad_post_feature":"","_kad_post_feature_position":"","_kad_post_header":false,"_kad_post_footer":false},"product_cat":[22],"product_tag":[],"class_list":{"0":"post-2892","1":"product","2":"type-product","3":"status-publish","4":"has-post-thumbnail","6":"product_cat-motorisation","8":"first","9":"instock","10":"shipping-taxable","11":"product-type-simple","12":"entry","13":"content-bg","14":"loop-entry"},"yoast_head":"<!-- This site is optimized with the Yoast SEO plugin v22.4 - https:\/\/yoast.com\/wordpress\/plugins\/seo\/ -->\n<title>Photocellule - ELDINO<\/title>\n<meta name=\"description\" content=\"Le jeu de photocellule assure un contr\u00f4le pr\u00e9cis et fiable du mouvement, contribuant ainsi \u00e0 la pr\u00e9vention des accidents et \u00e0 la protection des biens et des personnes.\" \/>\n<meta name=\"robots\" content=\"index, follow, max-snippet:-1, max-image-preview:large, max-video-preview:-1\" \/>\n<link rel=\"canonical\" href=\"https:\/\/eldino.tn\/en\/product\/photocellule\/\" \/>\n<meta property=\"og:locale\" content=\"en_GB\" \/>\n<meta property=\"og:type\" content=\"article\" \/>\n<meta property=\"og:title\" content=\"Photocellule - ELDINO\" \/>\n<meta property=\"og:description\" content=\"Le jeu de photocellule assure un contr\u00f4le pr\u00e9cis et fiable du mouvement, contribuant ainsi \u00e0 la pr\u00e9vention des accidents et \u00e0 la protection des biens et des personnes.\" \/>\n<meta property=\"og:url\" content=\"https:\/\/eldino.tn\/en\/product\/photocellule\/\" \/>\n<meta property=\"og:site_name\" content=\"ELDINO\" \/>\n<meta property=\"article:publisher\" content=\"https:\/\/www.facebook.com\/profile.php?id=100091975544146\" \/>\n<meta property=\"article:modified_time\" content=\"2023-10-30T16:16:00+00:00\" \/>\n<meta property=\"og:image\" content=\"https:\/\/eldino.tn\/wp-content\/uploads\/2023\/03\/photocellule-1.jpg\" \/>\n\t<meta property=\"og:image:width\" content=\"1200\" \/>\n\t<meta property=\"og:image:height\" content=\"800\" \/>\n\t<meta property=\"og:image:type\" content=\"image\/jpeg\" \/>\n<meta name=\"twitter:card\" content=\"summary_large_image\" \/>\n<meta name=\"twitter:label1\" content=\"Estimated reading time\" \/>\n\t<meta name=\"twitter:data1\" content=\"1 minute\" \/>\n<script type=\"application\/ld+json\" class=\"yoast-schema-graph\">{\"@context\":\"https:\/\/schema.org\",\"@graph\":[{\"@type\":\"WebPage\",\"@id\":\"https:\/\/eldino.tn\/produit\/photocellule\/\",\"url\":\"https:\/\/eldino.tn\/produit\/photocellule\/\",\"name\":\"Photocellule - ELDINO\",\"isPartOf\":{\"@id\":\"https:\/\/eldino.tn\/#website\"},\"primaryImageOfPage\":{\"@id\":\"https:\/\/eldino.tn\/produit\/photocellule\/#primaryimage\"},\"image\":{\"@id\":\"https:\/\/eldino.tn\/produit\/photocellule\/#primaryimage\"},\"thumbnailUrl\":\"https:\/\/eldino.tn\/wp-content\/uploads\/2023\/03\/photocellule-1.jpg\",\"datePublished\":\"2023-03-01T03:34:09+00:00\",\"dateModified\":\"2023-10-30T16:16:00+00:00\",\"description\":\"Le jeu de photocellule assure un contr\u00f4le pr\u00e9cis et fiable du mouvement, contribuant ainsi \u00e0 la pr\u00e9vention des accidents et \u00e0 la protection des biens et des personnes.\",\"breadcrumb\":{\"@id\":\"https:\/\/eldino.tn\/produit\/photocellule\/#breadcrumb\"},\"inLanguage\":\"en-GB\",\"potentialAction\":[{\"@type\":\"ReadAction\",\"target\":[\"https:\/\/eldino.tn\/produit\/photocellule\/\"]}]},{\"@type\":\"ImageObject\",\"inLanguage\":\"en-GB\",\"@id\":\"https:\/\/eldino.tn\/produit\/photocellule\/#primaryimage\",\"url\":\"https:\/\/eldino.tn\/wp-content\/uploads\/2023\/03\/photocellule-1.jpg\",\"contentUrl\":\"https:\/\/eldino.tn\/wp-content\/uploads\/2023\/03\/photocellule-1.jpg\",\"width\":1200,\"height\":800,\"caption\":\"photocellule (photocell)\"},{\"@type\":\"BreadcrumbList\",\"@id\":\"https:\/\/eldino.tn\/produit\/photocellule\/#breadcrumb\",\"itemListElement\":[{\"@type\":\"ListItem\",\"position\":1,\"name\":\"Accueil\",\"item\":\"https:\/\/eldino.tn\/\"},{\"@type\":\"ListItem\",\"position\":2,\"name\":\"Produits\",\"item\":\"https:\/\/eldino.tn\/produits\/\"},{\"@type\":\"ListItem\",\"position\":3,\"name\":\"Photocellule\"}]},{\"@type\":\"WebSite\",\"@id\":\"https:\/\/eldino.tn\/#website\",\"url\":\"https:\/\/eldino.tn\/\",\"name\":\"ELDINO\",\"description\":\"\",\"publisher\":{\"@id\":\"https:\/\/eldino.tn\/#organization\"},\"potentialAction\":[{\"@type\":\"SearchAction\",\"target\":{\"@type\":\"EntryPoint\",\"urlTemplate\":\"https:\/\/eldino.tn\/?s={search_term_string}\"},\"query-input\":\"required name=search_term_string\"}],\"inLanguage\":\"en-GB\"},{\"@type\":\"Organization\",\"@id\":\"https:\/\/eldino.tn\/#organization\",\"name\":\"ELDINO\",\"url\":\"https:\/\/eldino.tn\/\",\"logo\":{\"@type\":\"ImageObject\",\"inLanguage\":\"en-GB\",\"@id\":\"https:\/\/eldino.tn\/#\/schema\/logo\/image\/\",\"url\":\"https:\/\/eldino.tn\/wp-content\/uploads\/2023\/03\/logo-eldino3-1.png\",\"contentUrl\":\"https:\/\/eldino.tn\/wp-content\/uploads\/2023\/03\/logo-eldino3-1.png\",\"width\":1976,\"height\":655,\"caption\":\"ELDINO\"},\"image\":{\"@id\":\"https:\/\/eldino.tn\/#\/schema\/logo\/image\/\"},\"sameAs\":[\"https:\/\/www.facebook.com\/profile.php?id=100091975544146\"]}]}<\/script>\n<!-- \/ Yoast SEO plugin. -->","yoast_head_json":{"title":"Photocellule - ELDINO","description":"Le jeu de photocellule assure un contr\u00f4le pr\u00e9cis et fiable du mouvement, contribuant ainsi \u00e0 la pr\u00e9vention des accidents et \u00e0 la protection des biens et des personnes.","robots":{"index":"index","follow":"follow","max-snippet":"max-snippet:-1","max-image-preview":"max-image-preview:large","max-video-preview":"max-video-preview:-1"},"canonical":"https:\/\/eldino.tn\/en\/product\/photocellule\/","og_locale":"en_GB","og_type":"article","og_title":"Photocellule - ELDINO","og_description":"Le jeu de photocellule assure un contr\u00f4le pr\u00e9cis et fiable du mouvement, contribuant ainsi \u00e0 la pr\u00e9vention des accidents et \u00e0 la protection des biens et des personnes.","og_url":"https:\/\/eldino.tn\/en\/product\/photocellule\/","og_site_name":"ELDINO","article_publisher":"https:\/\/www.facebook.com\/profile.php?id=100091975544146","article_modified_time":"2023-10-30T16:16:00+00:00","og_image":[{"width":1200,"height":800,"url":"https:\/\/eldino.tn\/wp-content\/uploads\/2023\/03\/photocellule-1.jpg","type":"image\/jpeg"}],"twitter_card":"summary_large_image","twitter_misc":{"Estimated reading time":"1 minute"},"schema":{"@context":"https:\/\/schema.org","@graph":[{"@type":"WebPage","@id":"https:\/\/eldino.tn\/produit\/photocellule\/","url":"https:\/\/eldino.tn\/produit\/photocellule\/","name":"Photocellule - ELDINO","isPartOf":{"@id":"https:\/\/eldino.tn\/#website"},"primaryImageOfPage":{"@id":"https:\/\/eldino.tn\/produit\/photocellule\/#primaryimage"},"image":{"@id":"https:\/\/eldino.tn\/produit\/photocellule\/#primaryimage"},"thumbnailUrl":"https:\/\/eldino.tn\/wp-content\/uploads\/2023\/03\/photocellule-1.jpg","datePublished":"2023-03-01T03:34:09+00:00","dateModified":"2023-10-30T16:16:00+00:00","description":"Le jeu de photocellule assure un contr\u00f4le pr\u00e9cis et fiable du mouvement, contribuant ainsi \u00e0 la pr\u00e9vention des accidents et \u00e0 la protection des biens et des personnes.","breadcrumb":{"@id":"https:\/\/eldino.tn\/produit\/photocellule\/#breadcrumb"},"inLanguage":"en-GB","potentialAction":[{"@type":"ReadAction","target":["https:\/\/eldino.tn\/produit\/photocellule\/"]}]},{"@type":"ImageObject","inLanguage":"en-GB","@id":"https:\/\/eldino.tn\/produit\/photocellule\/#primaryimage","url":"https:\/\/eldino.tn\/wp-content\/uploads\/2023\/03\/photocellule-1.jpg","contentUrl":"https:\/\/eldino.tn\/wp-content\/uploads\/2023\/03\/photocellule-1.jpg","width":1200,"height":800,"caption":"photocellule (photocell)"},{"@type":"BreadcrumbList","@id":"https:\/\/eldino.tn\/produit\/photocellule\/#breadcrumb","itemListElement":[{"@type":"ListItem","position":1,"name":"Accueil","item":"https:\/\/eldino.tn\/"},{"@type":"ListItem","position":2,"name":"Produits","item":"https:\/\/eldino.tn\/produits\/"},{"@type":"ListItem","position":3,"name":"Photocellule"}]},{"@type":"WebSite","@id":"https:\/\/eldino.tn\/#website","url":"https:\/\/eldino.tn\/","name":"ELDINO","description":"","publisher":{"@id":"https:\/\/eldino.tn\/#organization"},"potentialAction":[{"@type":"SearchAction","target":{"@type":"EntryPoint","urlTemplate":"https:\/\/eldino.tn\/?s={search_term_string}"},"query-input":"required name=search_term_string"}],"inLanguage":"en-GB"},{"@type":"Organization","@id":"https:\/\/eldino.tn\/#organization","name":"ELDINO","url":"https:\/\/eldino.tn\/","logo":{"@type":"ImageObject","inLanguage":"en-GB","@id":"https:\/\/eldino.tn\/#\/schema\/logo\/image\/","url":"https:\/\/eldino.tn\/wp-content\/uploads\/2023\/03\/logo-eldino3-1.png","contentUrl":"https:\/\/eldino.tn\/wp-content\/uploads\/2023\/03\/logo-eldino3-1.png","width":1976,"height":655,"caption":"ELDINO"},"image":{"@id":"https:\/\/eldino.tn\/#\/schema\/logo\/image\/"},"sameAs":["https:\/\/www.facebook.com\/profile.php?id=100091975544146"]}]}},"_links":{"self":[{"href":"https:\/\/eldino.tn\/en\/wp-json\/wp\/v2\/product\/2892","targetHints":{"allow":["GET"]}}],"collection":[{"href":"https:\/\/eldino.tn\/en\/wp-json\/wp\/v2\/product"}],"about":[{"href":"https:\/\/eldino.tn\/en\/wp-json\/wp\/v2\/types\/product"}],"wp:featuredmedia":[{"embeddable":true,"href":"https:\/\/eldino.tn\/en\/wp-json\/wp\/v2\/media\/3129"}],"wp:attachment":[{"href":"https:\/\/eldino.tn\/en\/wp-json\/wp\/v2\/media?parent=2892"}],"wp:term":[{"taxonomy":"product_cat","embeddable":true,"href":"https:\/\/eldino.tn\/en\/wp-json\/wp\/v2\/product_cat?post=2892"},{"taxonomy":"product_tag","embeddable":true,"href":"https:\/\/eldino.tn\/en\/wp-json\/wp\/v2\/product_tag?post=2892"}],"curies":[{"name":"wp","href":"https:\/\/api.w.org\/{rel}","templated":true}]}}