{"id":2887,"date":"2023-03-01T04:19:17","date_gmt":"2023-03-01T03:19:17","guid":{"rendered":"http:\/\/localhost\/site_eldino7\/?post_type=product&#038;p=2887"},"modified":"2023-10-30T14:02:17","modified_gmt":"2023-10-30T13:02:17","slug":"armoire-de-commande-rideau","status":"publish","type":"product","link":"https:\/\/eldino.tn\/en\/product\/armoire-de-commande-rideau\/","title":{"rendered":"Control Board For Rolling Shutters"},"content":{"rendered":"<p>L&rsquo;armoire de commande est con\u00e7ue pour g\u00e9rer les moteurs de rideaux m\u00e9talliques d&rsquo;une puissance maximale de 1200W gr\u00e2ce \u00e0 une radio commande. Cette armoire est \u00e9quip\u00e9e de trois boutons pour les fonctions d&rsquo;ouverture, de fermeture et d&rsquo;arr\u00eat. Elle permet aussi l&rsquo;utilisation d&rsquo;\u00e9l\u00e9ments essentiels pour assurer la s\u00e9curit\u00e9 des utilisateurs, tels que la photocellule et la lampe clignotante.<\/p>","protected":false},"excerpt":{"rendered":"<p>AC101<\/p>","protected":false},"featured_media":3126,"template":"","meta":{"_kadence_starter_templates_imported_post":false,"_kad_post_transparent":"default","_kad_post_title":"","_kad_post_layout":"default","_kad_post_sidebar_id":"","_kad_post_content_style":"default","_kad_post_vertical_padding":"default","_kad_post_feature":"","_kad_post_feature_position":"","_kad_post_header":false,"_kad_post_footer":false},"product_cat":[22],"product_tag":[],"class_list":{"0":"post-2887","1":"product","2":"type-product","3":"status-publish","4":"has-post-thumbnail","6":"product_cat-motorisation","8":"first","9":"instock","10":"shipping-taxable","11":"product-type-simple","12":"entry","13":"content-bg","14":"loop-entry"},"yoast_head":"<!-- This site is optimized with the Yoast SEO plugin v22.4 - https:\/\/yoast.com\/wordpress\/plugins\/seo\/ -->\n<title>Armoire de commande rideau - ELDINO<\/title>\n<meta name=\"description\" content=\"L&#039;armoire de commande est con\u00e7ue pour g\u00e9rer les moteurs de rideaux m\u00e9talliques d&#039;une puissance maximale de 1200W gr\u00e2ce \u00e0 une radio commande.\" \/>\n<meta name=\"robots\" content=\"index, follow, max-snippet:-1, max-image-preview:large, max-video-preview:-1\" \/>\n<link rel=\"canonical\" href=\"https:\/\/eldino.tn\/en\/product\/armoire-de-commande-rideau\/\" \/>\n<meta property=\"og:locale\" content=\"en_GB\" \/>\n<meta property=\"og:type\" content=\"article\" \/>\n<meta property=\"og:title\" content=\"Armoire de commande rideau - ELDINO\" \/>\n<meta property=\"og:description\" content=\"L&#039;armoire de commande est con\u00e7ue pour g\u00e9rer les moteurs de rideaux m\u00e9talliques d&#039;une puissance maximale de 1200W gr\u00e2ce \u00e0 une radio commande.\" \/>\n<meta property=\"og:url\" content=\"https:\/\/eldino.tn\/en\/product\/armoire-de-commande-rideau\/\" \/>\n<meta property=\"og:site_name\" content=\"ELDINO\" \/>\n<meta property=\"article:publisher\" content=\"https:\/\/www.facebook.com\/profile.php?id=100091975544146\" \/>\n<meta property=\"article:modified_time\" content=\"2023-10-30T13:02:17+00:00\" \/>\n<meta property=\"og:image\" content=\"https:\/\/eldino.tn\/wp-content\/uploads\/2023\/03\/armoire-de-commande-1.jpg\" \/>\n\t<meta property=\"og:image:width\" content=\"1200\" \/>\n\t<meta property=\"og:image:height\" content=\"800\" \/>\n\t<meta property=\"og:image:type\" content=\"image\/jpeg\" \/>\n<meta name=\"twitter:card\" content=\"summary_large_image\" \/>\n<meta name=\"twitter:label1\" content=\"Estimated reading time\" \/>\n\t<meta name=\"twitter:data1\" content=\"1 minute\" \/>\n<script type=\"application\/ld+json\" class=\"yoast-schema-graph\">{\"@context\":\"https:\/\/schema.org\",\"@graph\":[{\"@type\":\"WebPage\",\"@id\":\"https:\/\/eldino.tn\/produit\/armoire-de-commande-rideau\/\",\"url\":\"https:\/\/eldino.tn\/produit\/armoire-de-commande-rideau\/\",\"name\":\"Armoire de commande rideau - ELDINO\",\"isPartOf\":{\"@id\":\"https:\/\/eldino.tn\/#website\"},\"primaryImageOfPage\":{\"@id\":\"https:\/\/eldino.tn\/produit\/armoire-de-commande-rideau\/#primaryimage\"},\"image\":{\"@id\":\"https:\/\/eldino.tn\/produit\/armoire-de-commande-rideau\/#primaryimage\"},\"thumbnailUrl\":\"https:\/\/eldino.tn\/wp-content\/uploads\/2023\/03\/armoire-de-commande-1.jpg\",\"datePublished\":\"2023-03-01T03:19:17+00:00\",\"dateModified\":\"2023-10-30T13:02:17+00:00\",\"description\":\"L'armoire de commande est con\u00e7ue pour g\u00e9rer les moteurs de rideaux m\u00e9talliques d'une puissance maximale de 1200W gr\u00e2ce \u00e0 une radio commande.\",\"breadcrumb\":{\"@id\":\"https:\/\/eldino.tn\/produit\/armoire-de-commande-rideau\/#breadcrumb\"},\"inLanguage\":\"en-GB\",\"potentialAction\":[{\"@type\":\"ReadAction\",\"target\":[\"https:\/\/eldino.tn\/produit\/armoire-de-commande-rideau\/\"]}]},{\"@type\":\"ImageObject\",\"inLanguage\":\"en-GB\",\"@id\":\"https:\/\/eldino.tn\/produit\/armoire-de-commande-rideau\/#primaryimage\",\"url\":\"https:\/\/eldino.tn\/wp-content\/uploads\/2023\/03\/armoire-de-commande-1.jpg\",\"contentUrl\":\"https:\/\/eldino.tn\/wp-content\/uploads\/2023\/03\/armoire-de-commande-1.jpg\",\"width\":1200,\"height\":800,\"caption\":\"armoire de commande rideau (recepteur receiver)\"},{\"@type\":\"BreadcrumbList\",\"@id\":\"https:\/\/eldino.tn\/produit\/armoire-de-commande-rideau\/#breadcrumb\",\"itemListElement\":[{\"@type\":\"ListItem\",\"position\":1,\"name\":\"Accueil\",\"item\":\"https:\/\/eldino.tn\/\"},{\"@type\":\"ListItem\",\"position\":2,\"name\":\"Produits\",\"item\":\"https:\/\/eldino.tn\/produits\/\"},{\"@type\":\"ListItem\",\"position\":3,\"name\":\"Armoire de commande rideau\"}]},{\"@type\":\"WebSite\",\"@id\":\"https:\/\/eldino.tn\/#website\",\"url\":\"https:\/\/eldino.tn\/\",\"name\":\"ELDINO\",\"description\":\"\",\"publisher\":{\"@id\":\"https:\/\/eldino.tn\/#organization\"},\"potentialAction\":[{\"@type\":\"SearchAction\",\"target\":{\"@type\":\"EntryPoint\",\"urlTemplate\":\"https:\/\/eldino.tn\/?s={search_term_string}\"},\"query-input\":\"required name=search_term_string\"}],\"inLanguage\":\"en-GB\"},{\"@type\":\"Organization\",\"@id\":\"https:\/\/eldino.tn\/#organization\",\"name\":\"ELDINO\",\"url\":\"https:\/\/eldino.tn\/\",\"logo\":{\"@type\":\"ImageObject\",\"inLanguage\":\"en-GB\",\"@id\":\"https:\/\/eldino.tn\/#\/schema\/logo\/image\/\",\"url\":\"https:\/\/eldino.tn\/wp-content\/uploads\/2023\/03\/logo-eldino3-1.png\",\"contentUrl\":\"https:\/\/eldino.tn\/wp-content\/uploads\/2023\/03\/logo-eldino3-1.png\",\"width\":1976,\"height\":655,\"caption\":\"ELDINO\"},\"image\":{\"@id\":\"https:\/\/eldino.tn\/#\/schema\/logo\/image\/\"},\"sameAs\":[\"https:\/\/www.facebook.com\/profile.php?id=100091975544146\"]}]}<\/script>\n<!-- \/ Yoast SEO plugin. -->","yoast_head_json":{"title":"Armoire de commande rideau - ELDINO","description":"L'armoire de commande est con\u00e7ue pour g\u00e9rer les moteurs de rideaux m\u00e9talliques d'une puissance maximale de 1200W gr\u00e2ce \u00e0 une radio commande.","robots":{"index":"index","follow":"follow","max-snippet":"max-snippet:-1","max-image-preview":"max-image-preview:large","max-video-preview":"max-video-preview:-1"},"canonical":"https:\/\/eldino.tn\/en\/product\/armoire-de-commande-rideau\/","og_locale":"en_GB","og_type":"article","og_title":"Armoire de commande rideau - ELDINO","og_description":"L'armoire de commande est con\u00e7ue pour g\u00e9rer les moteurs de rideaux m\u00e9talliques d'une puissance maximale de 1200W gr\u00e2ce \u00e0 une radio commande.","og_url":"https:\/\/eldino.tn\/en\/product\/armoire-de-commande-rideau\/","og_site_name":"ELDINO","article_publisher":"https:\/\/www.facebook.com\/profile.php?id=100091975544146","article_modified_time":"2023-10-30T13:02:17+00:00","og_image":[{"width":1200,"height":800,"url":"https:\/\/eldino.tn\/wp-content\/uploads\/2023\/03\/armoire-de-commande-1.jpg","type":"image\/jpeg"}],"twitter_card":"summary_large_image","twitter_misc":{"Estimated reading time":"1 minute"},"schema":{"@context":"https:\/\/schema.org","@graph":[{"@type":"WebPage","@id":"https:\/\/eldino.tn\/produit\/armoire-de-commande-rideau\/","url":"https:\/\/eldino.tn\/produit\/armoire-de-commande-rideau\/","name":"Armoire de commande rideau - ELDINO","isPartOf":{"@id":"https:\/\/eldino.tn\/#website"},"primaryImageOfPage":{"@id":"https:\/\/eldino.tn\/produit\/armoire-de-commande-rideau\/#primaryimage"},"image":{"@id":"https:\/\/eldino.tn\/produit\/armoire-de-commande-rideau\/#primaryimage"},"thumbnailUrl":"https:\/\/eldino.tn\/wp-content\/uploads\/2023\/03\/armoire-de-commande-1.jpg","datePublished":"2023-03-01T03:19:17+00:00","dateModified":"2023-10-30T13:02:17+00:00","description":"L'armoire de commande est con\u00e7ue pour g\u00e9rer les moteurs de rideaux m\u00e9talliques d'une puissance maximale de 1200W gr\u00e2ce \u00e0 une radio commande.","breadcrumb":{"@id":"https:\/\/eldino.tn\/produit\/armoire-de-commande-rideau\/#breadcrumb"},"inLanguage":"en-GB","potentialAction":[{"@type":"ReadAction","target":["https:\/\/eldino.tn\/produit\/armoire-de-commande-rideau\/"]}]},{"@type":"ImageObject","inLanguage":"en-GB","@id":"https:\/\/eldino.tn\/produit\/armoire-de-commande-rideau\/#primaryimage","url":"https:\/\/eldino.tn\/wp-content\/uploads\/2023\/03\/armoire-de-commande-1.jpg","contentUrl":"https:\/\/eldino.tn\/wp-content\/uploads\/2023\/03\/armoire-de-commande-1.jpg","width":1200,"height":800,"caption":"armoire de commande rideau (recepteur receiver)"},{"@type":"BreadcrumbList","@id":"https:\/\/eldino.tn\/produit\/armoire-de-commande-rideau\/#breadcrumb","itemListElement":[{"@type":"ListItem","position":1,"name":"Accueil","item":"https:\/\/eldino.tn\/"},{"@type":"ListItem","position":2,"name":"Produits","item":"https:\/\/eldino.tn\/produits\/"},{"@type":"ListItem","position":3,"name":"Armoire de commande rideau"}]},{"@type":"WebSite","@id":"https:\/\/eldino.tn\/#website","url":"https:\/\/eldino.tn\/","name":"ELDINO","description":"","publisher":{"@id":"https:\/\/eldino.tn\/#organization"},"potentialAction":[{"@type":"SearchAction","target":{"@type":"EntryPoint","urlTemplate":"https:\/\/eldino.tn\/?s={search_term_string}"},"query-input":"required name=search_term_string"}],"inLanguage":"en-GB"},{"@type":"Organization","@id":"https:\/\/eldino.tn\/#organization","name":"ELDINO","url":"https:\/\/eldino.tn\/","logo":{"@type":"ImageObject","inLanguage":"en-GB","@id":"https:\/\/eldino.tn\/#\/schema\/logo\/image\/","url":"https:\/\/eldino.tn\/wp-content\/uploads\/2023\/03\/logo-eldino3-1.png","contentUrl":"https:\/\/eldino.tn\/wp-content\/uploads\/2023\/03\/logo-eldino3-1.png","width":1976,"height":655,"caption":"ELDINO"},"image":{"@id":"https:\/\/eldino.tn\/#\/schema\/logo\/image\/"},"sameAs":["https:\/\/www.facebook.com\/profile.php?id=100091975544146"]}]}},"_links":{"self":[{"href":"https:\/\/eldino.tn\/en\/wp-json\/wp\/v2\/product\/2887","targetHints":{"allow":["GET"]}}],"collection":[{"href":"https:\/\/eldino.tn\/en\/wp-json\/wp\/v2\/product"}],"about":[{"href":"https:\/\/eldino.tn\/en\/wp-json\/wp\/v2\/types\/product"}],"wp:featuredmedia":[{"embeddable":true,"href":"https:\/\/eldino.tn\/en\/wp-json\/wp\/v2\/media\/3126"}],"wp:attachment":[{"href":"https:\/\/eldino.tn\/en\/wp-json\/wp\/v2\/media?parent=2887"}],"wp:term":[{"taxonomy":"product_cat","embeddable":true,"href":"https:\/\/eldino.tn\/en\/wp-json\/wp\/v2\/product_cat?post=2887"},{"taxonomy":"product_tag","embeddable":true,"href":"https:\/\/eldino.tn\/en\/wp-json\/wp\/v2\/product_tag?post=2887"}],"curies":[{"name":"wp","href":"https:\/\/api.w.org\/{rel}","templated":true}]}}