{"id":2610,"date":"2023-02-26T19:16:00","date_gmt":"2023-02-26T18:16:00","guid":{"rendered":"http:\/\/localhost\/site_eldino7\/?post_type=product&#038;p=2610"},"modified":"2023-10-28T08:32:45","modified_gmt":"2023-10-28T06:32:45","slug":"moteur-di-300kg","status":"publish","type":"product","link":"https:\/\/eldino.tn\/en\/product\/moteur-di-300kg\/","title":{"rendered":"Central Motor For Rolling Shutters DI 300kg"},"content":{"rendered":"<p>Moteur rideau central double induit 300KG 1200W avec \u00e9lectrofrein<\/p>\n<p>Le moteur de rideau m\u00e9tallique ELDINO de la s\u00e9rie RAPTOR, est caract\u00e9ris\u00e9 par sa fiabilit\u00e9 et sa robustesse. Il est con\u00e7u pour un fonctionnement facile et pratique et il est disponible en diff\u00e9rentes tailles et puissances pour s\u2019adapter aux diff\u00e9rents poids et tailles. Avec son mouvement fluide et silencieux, ELDINO RAPTOR assure que vos rideaux m\u00e9talliques fonctionnent efficacement pour am\u00e9liorer la s\u00e9curit\u00e9 de votre propri\u00e9t\u00e9 ou pour profiter du confort des rideaux m\u00e9talliques. Le moteur est \u00e9galement facile \u00e0 installer et \u00e0 entretenir, ce qui en fait une solution pratique pour les propri\u00e9t\u00e9s r\u00e9sidentielles et commerciales.<br \/>\nAvec sa fiabilit\u00e9, sa durabilit\u00e9 et sa facilit\u00e9 d\u2019utilisation, ELDINO RAPTOR est le choix parfait pour toute personne recherchant un moteur de rideaux m\u00e9talliques efficace et fonctionnel.<\/p>","protected":false},"excerpt":{"rendered":"<p>RAPTOR60300EF<\/p>","protected":false},"featured_media":3110,"template":"","meta":{"_kadence_starter_templates_imported_post":false,"_kad_post_transparent":"default","_kad_post_title":"","_kad_post_layout":"default","_kad_post_sidebar_id":"","_kad_post_content_style":"default","_kad_post_vertical_padding":"default","_kad_post_feature":"","_kad_post_feature_position":"","_kad_post_header":false,"_kad_post_footer":false},"product_cat":[22],"product_tag":[],"class_list":{"0":"post-2610","1":"product","2":"type-product","3":"status-publish","4":"has-post-thumbnail","6":"product_cat-motorisation","8":"first","9":"instock","10":"shipping-taxable","11":"product-type-simple","12":"entry","13":"content-bg","14":"loop-entry"},"yoast_head":"<!-- This site is optimized with the Yoast SEO plugin v22.4 - https:\/\/yoast.com\/wordpress\/plugins\/seo\/ -->\n<title>Moteur rideau central DI 300kg - ELDINO<\/title>\n<meta name=\"description\" content=\"Le moteur de rideau m\u00e9tallique ELDINO de la s\u00e9rie RAPTOR, est caract\u00e9ris\u00e9 par sa fiabilit\u00e9 ,robustesse et son fonctionnement facile et pratique.\" \/>\n<meta name=\"robots\" content=\"index, follow, max-snippet:-1, max-image-preview:large, max-video-preview:-1\" \/>\n<link rel=\"canonical\" href=\"https:\/\/eldino.tn\/en\/product\/moteur-di-300kg\/\" \/>\n<meta property=\"og:locale\" content=\"en_GB\" \/>\n<meta property=\"og:type\" content=\"article\" \/>\n<meta property=\"og:title\" content=\"Moteur rideau central DI 300kg - ELDINO\" \/>\n<meta property=\"og:description\" content=\"Le moteur de rideau m\u00e9tallique ELDINO de la s\u00e9rie RAPTOR, est caract\u00e9ris\u00e9 par sa fiabilit\u00e9 ,robustesse et son fonctionnement facile et pratique.\" \/>\n<meta property=\"og:url\" content=\"https:\/\/eldino.tn\/en\/product\/moteur-di-300kg\/\" \/>\n<meta property=\"og:site_name\" content=\"ELDINO\" \/>\n<meta property=\"article:publisher\" content=\"https:\/\/www.facebook.com\/profile.php?id=100091975544146\" \/>\n<meta property=\"article:modified_time\" content=\"2023-10-28T06:32:45+00:00\" \/>\n<meta property=\"og:image\" content=\"https:\/\/eldino.tn\/wp-content\/uploads\/2023\/02\/RAPTOR60300EF.jpg\" \/>\n\t<meta property=\"og:image:width\" content=\"1200\" \/>\n\t<meta property=\"og:image:height\" content=\"800\" \/>\n\t<meta property=\"og:image:type\" content=\"image\/jpeg\" \/>\n<meta name=\"twitter:card\" content=\"summary_large_image\" \/>\n<meta name=\"twitter:label1\" content=\"Estimated reading time\" \/>\n\t<meta name=\"twitter:data1\" content=\"1 minute\" \/>\n<script type=\"application\/ld+json\" class=\"yoast-schema-graph\">{\"@context\":\"https:\/\/schema.org\",\"@graph\":[{\"@type\":\"WebPage\",\"@id\":\"https:\/\/eldino.tn\/produit\/moteur-di-300kg\/\",\"url\":\"https:\/\/eldino.tn\/produit\/moteur-di-300kg\/\",\"name\":\"Moteur rideau central DI 300kg - ELDINO\",\"isPartOf\":{\"@id\":\"https:\/\/eldino.tn\/#website\"},\"primaryImageOfPage\":{\"@id\":\"https:\/\/eldino.tn\/produit\/moteur-di-300kg\/#primaryimage\"},\"image\":{\"@id\":\"https:\/\/eldino.tn\/produit\/moteur-di-300kg\/#primaryimage\"},\"thumbnailUrl\":\"https:\/\/eldino.tn\/wp-content\/uploads\/2023\/02\/RAPTOR60300EF.jpg\",\"datePublished\":\"2023-02-26T18:16:00+00:00\",\"dateModified\":\"2023-10-28T06:32:45+00:00\",\"description\":\"Le moteur de rideau m\u00e9tallique ELDINO de la s\u00e9rie RAPTOR, est caract\u00e9ris\u00e9 par sa fiabilit\u00e9 ,robustesse et son fonctionnement facile et pratique.\",\"breadcrumb\":{\"@id\":\"https:\/\/eldino.tn\/produit\/moteur-di-300kg\/#breadcrumb\"},\"inLanguage\":\"en-GB\",\"potentialAction\":[{\"@type\":\"ReadAction\",\"target\":[\"https:\/\/eldino.tn\/produit\/moteur-di-300kg\/\"]}]},{\"@type\":\"ImageObject\",\"inLanguage\":\"en-GB\",\"@id\":\"https:\/\/eldino.tn\/produit\/moteur-di-300kg\/#primaryimage\",\"url\":\"https:\/\/eldino.tn\/wp-content\/uploads\/2023\/02\/RAPTOR60300EF.jpg\",\"contentUrl\":\"https:\/\/eldino.tn\/wp-content\/uploads\/2023\/02\/RAPTOR60300EF.jpg\",\"width\":1200,\"height\":800,\"caption\":\"moteur rideau central (central motor rolling shutter)\"},{\"@type\":\"BreadcrumbList\",\"@id\":\"https:\/\/eldino.tn\/produit\/moteur-di-300kg\/#breadcrumb\",\"itemListElement\":[{\"@type\":\"ListItem\",\"position\":1,\"name\":\"Accueil\",\"item\":\"https:\/\/eldino.tn\/\"},{\"@type\":\"ListItem\",\"position\":2,\"name\":\"Produits\",\"item\":\"https:\/\/eldino.tn\/produits\/\"},{\"@type\":\"ListItem\",\"position\":3,\"name\":\"Moteur rideau central DI 300kg\"}]},{\"@type\":\"WebSite\",\"@id\":\"https:\/\/eldino.tn\/#website\",\"url\":\"https:\/\/eldino.tn\/\",\"name\":\"ELDINO\",\"description\":\"\",\"publisher\":{\"@id\":\"https:\/\/eldino.tn\/#organization\"},\"potentialAction\":[{\"@type\":\"SearchAction\",\"target\":{\"@type\":\"EntryPoint\",\"urlTemplate\":\"https:\/\/eldino.tn\/?s={search_term_string}\"},\"query-input\":\"required name=search_term_string\"}],\"inLanguage\":\"en-GB\"},{\"@type\":\"Organization\",\"@id\":\"https:\/\/eldino.tn\/#organization\",\"name\":\"ELDINO\",\"url\":\"https:\/\/eldino.tn\/\",\"logo\":{\"@type\":\"ImageObject\",\"inLanguage\":\"en-GB\",\"@id\":\"https:\/\/eldino.tn\/#\/schema\/logo\/image\/\",\"url\":\"https:\/\/eldino.tn\/wp-content\/uploads\/2023\/03\/logo-eldino3-1.png\",\"contentUrl\":\"https:\/\/eldino.tn\/wp-content\/uploads\/2023\/03\/logo-eldino3-1.png\",\"width\":1976,\"height\":655,\"caption\":\"ELDINO\"},\"image\":{\"@id\":\"https:\/\/eldino.tn\/#\/schema\/logo\/image\/\"},\"sameAs\":[\"https:\/\/www.facebook.com\/profile.php?id=100091975544146\"]}]}<\/script>\n<!-- \/ Yoast SEO plugin. -->","yoast_head_json":{"title":"Moteur rideau central DI 300kg - ELDINO","description":"Le moteur de rideau m\u00e9tallique ELDINO de la s\u00e9rie RAPTOR, est caract\u00e9ris\u00e9 par sa fiabilit\u00e9 ,robustesse et son fonctionnement facile et pratique.","robots":{"index":"index","follow":"follow","max-snippet":"max-snippet:-1","max-image-preview":"max-image-preview:large","max-video-preview":"max-video-preview:-1"},"canonical":"https:\/\/eldino.tn\/en\/product\/moteur-di-300kg\/","og_locale":"en_GB","og_type":"article","og_title":"Moteur rideau central DI 300kg - ELDINO","og_description":"Le moteur de rideau m\u00e9tallique ELDINO de la s\u00e9rie RAPTOR, est caract\u00e9ris\u00e9 par sa fiabilit\u00e9 ,robustesse et son fonctionnement facile et pratique.","og_url":"https:\/\/eldino.tn\/en\/product\/moteur-di-300kg\/","og_site_name":"ELDINO","article_publisher":"https:\/\/www.facebook.com\/profile.php?id=100091975544146","article_modified_time":"2023-10-28T06:32:45+00:00","og_image":[{"width":1200,"height":800,"url":"https:\/\/eldino.tn\/wp-content\/uploads\/2023\/02\/RAPTOR60300EF.jpg","type":"image\/jpeg"}],"twitter_card":"summary_large_image","twitter_misc":{"Estimated reading time":"1 minute"},"schema":{"@context":"https:\/\/schema.org","@graph":[{"@type":"WebPage","@id":"https:\/\/eldino.tn\/produit\/moteur-di-300kg\/","url":"https:\/\/eldino.tn\/produit\/moteur-di-300kg\/","name":"Moteur rideau central DI 300kg - ELDINO","isPartOf":{"@id":"https:\/\/eldino.tn\/#website"},"primaryImageOfPage":{"@id":"https:\/\/eldino.tn\/produit\/moteur-di-300kg\/#primaryimage"},"image":{"@id":"https:\/\/eldino.tn\/produit\/moteur-di-300kg\/#primaryimage"},"thumbnailUrl":"https:\/\/eldino.tn\/wp-content\/uploads\/2023\/02\/RAPTOR60300EF.jpg","datePublished":"2023-02-26T18:16:00+00:00","dateModified":"2023-10-28T06:32:45+00:00","description":"Le moteur de rideau m\u00e9tallique ELDINO de la s\u00e9rie RAPTOR, est caract\u00e9ris\u00e9 par sa fiabilit\u00e9 ,robustesse et son fonctionnement facile et pratique.","breadcrumb":{"@id":"https:\/\/eldino.tn\/produit\/moteur-di-300kg\/#breadcrumb"},"inLanguage":"en-GB","potentialAction":[{"@type":"ReadAction","target":["https:\/\/eldino.tn\/produit\/moteur-di-300kg\/"]}]},{"@type":"ImageObject","inLanguage":"en-GB","@id":"https:\/\/eldino.tn\/produit\/moteur-di-300kg\/#primaryimage","url":"https:\/\/eldino.tn\/wp-content\/uploads\/2023\/02\/RAPTOR60300EF.jpg","contentUrl":"https:\/\/eldino.tn\/wp-content\/uploads\/2023\/02\/RAPTOR60300EF.jpg","width":1200,"height":800,"caption":"moteur rideau central (central motor rolling shutter)"},{"@type":"BreadcrumbList","@id":"https:\/\/eldino.tn\/produit\/moteur-di-300kg\/#breadcrumb","itemListElement":[{"@type":"ListItem","position":1,"name":"Accueil","item":"https:\/\/eldino.tn\/"},{"@type":"ListItem","position":2,"name":"Produits","item":"https:\/\/eldino.tn\/produits\/"},{"@type":"ListItem","position":3,"name":"Moteur rideau central DI 300kg"}]},{"@type":"WebSite","@id":"https:\/\/eldino.tn\/#website","url":"https:\/\/eldino.tn\/","name":"ELDINO","description":"","publisher":{"@id":"https:\/\/eldino.tn\/#organization"},"potentialAction":[{"@type":"SearchAction","target":{"@type":"EntryPoint","urlTemplate":"https:\/\/eldino.tn\/?s={search_term_string}"},"query-input":"required name=search_term_string"}],"inLanguage":"en-GB"},{"@type":"Organization","@id":"https:\/\/eldino.tn\/#organization","name":"ELDINO","url":"https:\/\/eldino.tn\/","logo":{"@type":"ImageObject","inLanguage":"en-GB","@id":"https:\/\/eldino.tn\/#\/schema\/logo\/image\/","url":"https:\/\/eldino.tn\/wp-content\/uploads\/2023\/03\/logo-eldino3-1.png","contentUrl":"https:\/\/eldino.tn\/wp-content\/uploads\/2023\/03\/logo-eldino3-1.png","width":1976,"height":655,"caption":"ELDINO"},"image":{"@id":"https:\/\/eldino.tn\/#\/schema\/logo\/image\/"},"sameAs":["https:\/\/www.facebook.com\/profile.php?id=100091975544146"]}]}},"_links":{"self":[{"href":"https:\/\/eldino.tn\/en\/wp-json\/wp\/v2\/product\/2610","targetHints":{"allow":["GET"]}}],"collection":[{"href":"https:\/\/eldino.tn\/en\/wp-json\/wp\/v2\/product"}],"about":[{"href":"https:\/\/eldino.tn\/en\/wp-json\/wp\/v2\/types\/product"}],"wp:featuredmedia":[{"embeddable":true,"href":"https:\/\/eldino.tn\/en\/wp-json\/wp\/v2\/media\/3110"}],"wp:attachment":[{"href":"https:\/\/eldino.tn\/en\/wp-json\/wp\/v2\/media?parent=2610"}],"wp:term":[{"taxonomy":"product_cat","embeddable":true,"href":"https:\/\/eldino.tn\/en\/wp-json\/wp\/v2\/product_cat?post=2610"},{"taxonomy":"product_tag","embeddable":true,"href":"https:\/\/eldino.tn\/en\/wp-json\/wp\/v2\/product_tag?post=2610"}],"curies":[{"name":"wp","href":"https:\/\/api.w.org\/{rel}","templated":true}]}}