{"id":2603,"date":"2023-02-26T18:51:31","date_gmt":"2023-02-26T17:51:31","guid":{"rendered":"http:\/\/localhost\/site_eldino7\/?post_type=product&#038;p=2603"},"modified":"2023-10-29T11:09:18","modified_gmt":"2023-10-29T10:09:18","slug":"boite-a-cle-pm","status":"publish","type":"product","link":"https:\/\/eldino.tn\/en\/product\/boite-a-cle-pm\/","title":{"rendered":"Bo\u00eete \u00e0 cl\u00e9 avec d\u00e9brayage PM"},"content":{"rendered":"<p>La bo\u00eete \u00e0 cl\u00e9 avec d\u00e9brayage PM contr\u00f4le le moteur du rideau pour permettre l&rsquo;ouverture et la fermeture de la porte \u00e0 l&rsquo;aide d&rsquo;un bouton. De plus, elle est munie d&rsquo;une poign\u00e9e pour faciliter le d\u00e9brayage en cas de panne d&rsquo;\u00e9lectricit\u00e9. Cette solution est s\u00e9curis\u00e9e gr\u00e2ce \u00e0 une porte \u00e9quip\u00e9e d&rsquo;un cylindre europ\u00e9en et de deux cl\u00e9s.<br \/>\nCette solution de haute qualit\u00e9 combine une conception robuste et des composants durables pour assurer une performance fiable et une longue dur\u00e9e de vie.<\/p>","protected":false},"excerpt":{"rendered":"<p>TYRANO01<\/p>","protected":false},"featured_media":3117,"template":"","meta":{"_kadence_starter_templates_imported_post":false,"_kad_post_transparent":"default","_kad_post_title":"","_kad_post_layout":"default","_kad_post_sidebar_id":"","_kad_post_content_style":"default","_kad_post_vertical_padding":"default","_kad_post_feature":"","_kad_post_feature_position":"","_kad_post_header":false,"_kad_post_footer":false},"product_cat":[22],"product_tag":[],"class_list":{"0":"post-2603","1":"product","2":"type-product","3":"status-publish","4":"has-post-thumbnail","6":"product_cat-motorisation","8":"first","9":"instock","10":"shipping-taxable","11":"product-type-simple","12":"entry","13":"content-bg","14":"loop-entry"},"yoast_head":"<!-- This site is optimized with the Yoast SEO plugin v22.4 - https:\/\/yoast.com\/wordpress\/plugins\/seo\/ -->\n<title>Bo\u00eete \u00e0 cl\u00e9 avec d\u00e9brayage PM - ELDINO<\/title>\n<meta name=\"description\" content=\"La bo\u00eete \u00e0 cl\u00e9 avec d\u00e9brayage PM contr\u00f4le le moteur du rideau pour permettre l&#039;ouverture et la fermeture de la porte \u00e0 l&#039;aide d&#039;un bouton.\" \/>\n<meta name=\"robots\" content=\"index, follow, max-snippet:-1, max-image-preview:large, max-video-preview:-1\" \/>\n<link rel=\"canonical\" href=\"https:\/\/eldino.tn\/en\/product\/boite-a-cle-pm\/\" \/>\n<meta property=\"og:locale\" content=\"en_GB\" \/>\n<meta property=\"og:type\" content=\"article\" \/>\n<meta property=\"og:title\" content=\"Bo\u00eete \u00e0 cl\u00e9 avec d\u00e9brayage PM - ELDINO\" \/>\n<meta property=\"og:description\" content=\"La bo\u00eete \u00e0 cl\u00e9 avec d\u00e9brayage PM contr\u00f4le le moteur du rideau pour permettre l&#039;ouverture et la fermeture de la porte \u00e0 l&#039;aide d&#039;un bouton.\" \/>\n<meta property=\"og:url\" content=\"https:\/\/eldino.tn\/en\/product\/boite-a-cle-pm\/\" \/>\n<meta property=\"og:site_name\" content=\"ELDINO\" \/>\n<meta property=\"article:publisher\" content=\"https:\/\/www.facebook.com\/profile.php?id=100091975544146\" \/>\n<meta property=\"article:modified_time\" content=\"2023-10-29T10:09:18+00:00\" \/>\n<meta property=\"og:image\" content=\"https:\/\/eldino.tn\/wp-content\/uploads\/2023\/02\/boite-pm-2.jpg\" \/>\n\t<meta property=\"og:image:width\" content=\"1200\" \/>\n\t<meta property=\"og:image:height\" content=\"800\" \/>\n\t<meta property=\"og:image:type\" content=\"image\/jpeg\" \/>\n<meta name=\"twitter:card\" content=\"summary_large_image\" \/>\n<meta name=\"twitter:label1\" content=\"Estimated reading time\" \/>\n\t<meta name=\"twitter:data1\" content=\"1 minute\" \/>\n<script type=\"application\/ld+json\" class=\"yoast-schema-graph\">{\"@context\":\"https:\/\/schema.org\",\"@graph\":[{\"@type\":\"WebPage\",\"@id\":\"https:\/\/eldino.tn\/produit\/boite-a-cle-pm\/\",\"url\":\"https:\/\/eldino.tn\/produit\/boite-a-cle-pm\/\",\"name\":\"Bo\u00eete \u00e0 cl\u00e9 avec d\u00e9brayage PM - ELDINO\",\"isPartOf\":{\"@id\":\"https:\/\/eldino.tn\/#website\"},\"primaryImageOfPage\":{\"@id\":\"https:\/\/eldino.tn\/produit\/boite-a-cle-pm\/#primaryimage\"},\"image\":{\"@id\":\"https:\/\/eldino.tn\/produit\/boite-a-cle-pm\/#primaryimage\"},\"thumbnailUrl\":\"https:\/\/eldino.tn\/wp-content\/uploads\/2023\/02\/boite-pm-2.jpg\",\"datePublished\":\"2023-02-26T17:51:31+00:00\",\"dateModified\":\"2023-10-29T10:09:18+00:00\",\"description\":\"La bo\u00eete \u00e0 cl\u00e9 avec d\u00e9brayage PM contr\u00f4le le moteur du rideau pour permettre l'ouverture et la fermeture de la porte \u00e0 l'aide d'un bouton.\",\"breadcrumb\":{\"@id\":\"https:\/\/eldino.tn\/produit\/boite-a-cle-pm\/#breadcrumb\"},\"inLanguage\":\"en-GB\",\"potentialAction\":[{\"@type\":\"ReadAction\",\"target\":[\"https:\/\/eldino.tn\/produit\/boite-a-cle-pm\/\"]}]},{\"@type\":\"ImageObject\",\"inLanguage\":\"en-GB\",\"@id\":\"https:\/\/eldino.tn\/produit\/boite-a-cle-pm\/#primaryimage\",\"url\":\"https:\/\/eldino.tn\/wp-content\/uploads\/2023\/02\/boite-pm-2.jpg\",\"contentUrl\":\"https:\/\/eldino.tn\/wp-content\/uploads\/2023\/02\/boite-pm-2.jpg\",\"width\":1200,\"height\":800,\"caption\":\"Bo\u00eete \u00e0 cl\u00e9 avec d\u00e9brayage PM ( key selector )\"},{\"@type\":\"BreadcrumbList\",\"@id\":\"https:\/\/eldino.tn\/produit\/boite-a-cle-pm\/#breadcrumb\",\"itemListElement\":[{\"@type\":\"ListItem\",\"position\":1,\"name\":\"Accueil\",\"item\":\"https:\/\/eldino.tn\/\"},{\"@type\":\"ListItem\",\"position\":2,\"name\":\"Produits\",\"item\":\"https:\/\/eldino.tn\/produits\/\"},{\"@type\":\"ListItem\",\"position\":3,\"name\":\"Bo\u00eete \u00e0 cl\u00e9 avec d\u00e9brayage PM\"}]},{\"@type\":\"WebSite\",\"@id\":\"https:\/\/eldino.tn\/#website\",\"url\":\"https:\/\/eldino.tn\/\",\"name\":\"ELDINO\",\"description\":\"\",\"publisher\":{\"@id\":\"https:\/\/eldino.tn\/#organization\"},\"potentialAction\":[{\"@type\":\"SearchAction\",\"target\":{\"@type\":\"EntryPoint\",\"urlTemplate\":\"https:\/\/eldino.tn\/?s={search_term_string}\"},\"query-input\":\"required name=search_term_string\"}],\"inLanguage\":\"en-GB\"},{\"@type\":\"Organization\",\"@id\":\"https:\/\/eldino.tn\/#organization\",\"name\":\"ELDINO\",\"url\":\"https:\/\/eldino.tn\/\",\"logo\":{\"@type\":\"ImageObject\",\"inLanguage\":\"en-GB\",\"@id\":\"https:\/\/eldino.tn\/#\/schema\/logo\/image\/\",\"url\":\"https:\/\/eldino.tn\/wp-content\/uploads\/2023\/03\/logo-eldino3-1.png\",\"contentUrl\":\"https:\/\/eldino.tn\/wp-content\/uploads\/2023\/03\/logo-eldino3-1.png\",\"width\":1976,\"height\":655,\"caption\":\"ELDINO\"},\"image\":{\"@id\":\"https:\/\/eldino.tn\/#\/schema\/logo\/image\/\"},\"sameAs\":[\"https:\/\/www.facebook.com\/profile.php?id=100091975544146\"]}]}<\/script>\n<!-- \/ Yoast SEO plugin. -->","yoast_head_json":{"title":"Bo\u00eete \u00e0 cl\u00e9 avec d\u00e9brayage PM - ELDINO","description":"La bo\u00eete \u00e0 cl\u00e9 avec d\u00e9brayage PM contr\u00f4le le moteur du rideau pour permettre l'ouverture et la fermeture de la porte \u00e0 l'aide d'un bouton.","robots":{"index":"index","follow":"follow","max-snippet":"max-snippet:-1","max-image-preview":"max-image-preview:large","max-video-preview":"max-video-preview:-1"},"canonical":"https:\/\/eldino.tn\/en\/product\/boite-a-cle-pm\/","og_locale":"en_GB","og_type":"article","og_title":"Bo\u00eete \u00e0 cl\u00e9 avec d\u00e9brayage PM - ELDINO","og_description":"La bo\u00eete \u00e0 cl\u00e9 avec d\u00e9brayage PM contr\u00f4le le moteur du rideau pour permettre l'ouverture et la fermeture de la porte \u00e0 l'aide d'un bouton.","og_url":"https:\/\/eldino.tn\/en\/product\/boite-a-cle-pm\/","og_site_name":"ELDINO","article_publisher":"https:\/\/www.facebook.com\/profile.php?id=100091975544146","article_modified_time":"2023-10-29T10:09:18+00:00","og_image":[{"width":1200,"height":800,"url":"https:\/\/eldino.tn\/wp-content\/uploads\/2023\/02\/boite-pm-2.jpg","type":"image\/jpeg"}],"twitter_card":"summary_large_image","twitter_misc":{"Estimated reading time":"1 minute"},"schema":{"@context":"https:\/\/schema.org","@graph":[{"@type":"WebPage","@id":"https:\/\/eldino.tn\/produit\/boite-a-cle-pm\/","url":"https:\/\/eldino.tn\/produit\/boite-a-cle-pm\/","name":"Bo\u00eete \u00e0 cl\u00e9 avec d\u00e9brayage PM - ELDINO","isPartOf":{"@id":"https:\/\/eldino.tn\/#website"},"primaryImageOfPage":{"@id":"https:\/\/eldino.tn\/produit\/boite-a-cle-pm\/#primaryimage"},"image":{"@id":"https:\/\/eldino.tn\/produit\/boite-a-cle-pm\/#primaryimage"},"thumbnailUrl":"https:\/\/eldino.tn\/wp-content\/uploads\/2023\/02\/boite-pm-2.jpg","datePublished":"2023-02-26T17:51:31+00:00","dateModified":"2023-10-29T10:09:18+00:00","description":"La bo\u00eete \u00e0 cl\u00e9 avec d\u00e9brayage PM contr\u00f4le le moteur du rideau pour permettre l'ouverture et la fermeture de la porte \u00e0 l'aide d'un bouton.","breadcrumb":{"@id":"https:\/\/eldino.tn\/produit\/boite-a-cle-pm\/#breadcrumb"},"inLanguage":"en-GB","potentialAction":[{"@type":"ReadAction","target":["https:\/\/eldino.tn\/produit\/boite-a-cle-pm\/"]}]},{"@type":"ImageObject","inLanguage":"en-GB","@id":"https:\/\/eldino.tn\/produit\/boite-a-cle-pm\/#primaryimage","url":"https:\/\/eldino.tn\/wp-content\/uploads\/2023\/02\/boite-pm-2.jpg","contentUrl":"https:\/\/eldino.tn\/wp-content\/uploads\/2023\/02\/boite-pm-2.jpg","width":1200,"height":800,"caption":"Bo\u00eete \u00e0 cl\u00e9 avec d\u00e9brayage PM ( key selector )"},{"@type":"BreadcrumbList","@id":"https:\/\/eldino.tn\/produit\/boite-a-cle-pm\/#breadcrumb","itemListElement":[{"@type":"ListItem","position":1,"name":"Accueil","item":"https:\/\/eldino.tn\/"},{"@type":"ListItem","position":2,"name":"Produits","item":"https:\/\/eldino.tn\/produits\/"},{"@type":"ListItem","position":3,"name":"Bo\u00eete \u00e0 cl\u00e9 avec d\u00e9brayage PM"}]},{"@type":"WebSite","@id":"https:\/\/eldino.tn\/#website","url":"https:\/\/eldino.tn\/","name":"ELDINO","description":"","publisher":{"@id":"https:\/\/eldino.tn\/#organization"},"potentialAction":[{"@type":"SearchAction","target":{"@type":"EntryPoint","urlTemplate":"https:\/\/eldino.tn\/?s={search_term_string}"},"query-input":"required name=search_term_string"}],"inLanguage":"en-GB"},{"@type":"Organization","@id":"https:\/\/eldino.tn\/#organization","name":"ELDINO","url":"https:\/\/eldino.tn\/","logo":{"@type":"ImageObject","inLanguage":"en-GB","@id":"https:\/\/eldino.tn\/#\/schema\/logo\/image\/","url":"https:\/\/eldino.tn\/wp-content\/uploads\/2023\/03\/logo-eldino3-1.png","contentUrl":"https:\/\/eldino.tn\/wp-content\/uploads\/2023\/03\/logo-eldino3-1.png","width":1976,"height":655,"caption":"ELDINO"},"image":{"@id":"https:\/\/eldino.tn\/#\/schema\/logo\/image\/"},"sameAs":["https:\/\/www.facebook.com\/profile.php?id=100091975544146"]}]}},"_links":{"self":[{"href":"https:\/\/eldino.tn\/en\/wp-json\/wp\/v2\/product\/2603","targetHints":{"allow":["GET"]}}],"collection":[{"href":"https:\/\/eldino.tn\/en\/wp-json\/wp\/v2\/product"}],"about":[{"href":"https:\/\/eldino.tn\/en\/wp-json\/wp\/v2\/types\/product"}],"wp:featuredmedia":[{"embeddable":true,"href":"https:\/\/eldino.tn\/en\/wp-json\/wp\/v2\/media\/3117"}],"wp:attachment":[{"href":"https:\/\/eldino.tn\/en\/wp-json\/wp\/v2\/media?parent=2603"}],"wp:term":[{"taxonomy":"product_cat","embeddable":true,"href":"https:\/\/eldino.tn\/en\/wp-json\/wp\/v2\/product_cat?post=2603"},{"taxonomy":"product_tag","embeddable":true,"href":"https:\/\/eldino.tn\/en\/wp-json\/wp\/v2\/product_tag?post=2603"}],"curies":[{"name":"wp","href":"https:\/\/api.w.org\/{rel}","templated":true}]}}