{"id":1968,"date":"2023-01-30T13:41:36","date_gmt":"2023-01-30T12:41:36","guid":{"rendered":"http:\/\/localhost\/site_eldino3\/?page_id=1968"},"modified":"2023-10-31T12:19:34","modified_gmt":"2023-10-31T11:19:34","slug":"actualites","status":"publish","type":"page","link":"https:\/\/eldino.tn\/en\/actualites\/","title":{"rendered":"News"},"content":{"rendered":"<div data-elementor-type=\"wp-page\" data-elementor-id=\"1968\" class=\"elementor elementor-1968\">\n\t\t\t\t\t\t<section class=\"elementor-section elementor-top-section elementor-element elementor-element-5fe8487 elementor-section-height-min-height elementor-section-boxed elementor-section-height-default elementor-section-items-middle elementor-invisible\" data-id=\"5fe8487\" data-element_type=\"section\" data-settings=\"{&quot;background_background&quot;:&quot;classic&quot;,&quot;animation&quot;:&quot;slideInDown&quot;}\">\n\t\t\t\t\t\t\t<div class=\"elementor-background-overlay\"><\/div>\n\t\t\t\t\t\t\t<div class=\"elementor-container elementor-column-gap-default\">\n\t\t\t\t\t<div class=\"elementor-column elementor-col-100 elementor-top-column elementor-element elementor-element-0ff1473\" data-id=\"0ff1473\" data-element_type=\"column\">\n\t\t\t<div class=\"elementor-widget-wrap elementor-element-populated\">\n\t\t\t\t\t\t<div class=\"elementor-element elementor-element-c7fcc68 elementor-widget elementor-widget-heading\" data-id=\"c7fcc68\" data-element_type=\"widget\" data-widget_type=\"heading.default\">\n\t\t\t\t<div class=\"elementor-widget-container\">\n\t\t\t<style>\/*! elementor - v3.20.0 - 26-03-2024 *\/\n.elementor-heading-title{padding:0;margin:0;line-height:1}.elementor-widget-heading .elementor-heading-title[class*=elementor-size-]>a{color:inherit;font-size:inherit;line-height:inherit}.elementor-widget-heading .elementor-heading-title.elementor-size-small{font-size:15px}.elementor-widget-heading .elementor-heading-title.elementor-size-medium{font-size:19px}.elementor-widget-heading .elementor-heading-title.elementor-size-large{font-size:29px}.elementor-widget-heading .elementor-heading-title.elementor-size-xl{font-size:39px}.elementor-widget-heading .elementor-heading-title.elementor-size-xxl{font-size:59px}<\/style><p class=\"elementor-heading-title elementor-size-default\">News<\/p>\t\t<\/div>\n\t\t\t\t<\/div>\n\t\t\t\t\t<\/div>\n\t\t<\/div>\n\t\t\t\t\t<\/div>\n\t\t<\/section>\n\t\t\t\t<section class=\"elementor-section elementor-top-section elementor-element elementor-element-2b1c8af elementor-section-boxed elementor-section-height-default elementor-section-height-default elementor-invisible\" data-id=\"2b1c8af\" data-element_type=\"section\" data-settings=\"{&quot;background_background&quot;:&quot;classic&quot;,&quot;animation&quot;:&quot;slideInUp&quot;}\">\n\t\t\t\t\t\t<div class=\"elementor-container elementor-column-gap-default\">\n\t\t\t\t\t<div class=\"elementor-column elementor-col-100 elementor-top-column elementor-element elementor-element-18db3a9\" data-id=\"18db3a9\" data-element_type=\"column\">\n\t\t\t<div class=\"elementor-widget-wrap elementor-element-populated\">\n\t\t\t\t\t\t<div class=\"elementor-element elementor-element-cf850d8 elementor-grid-2 elementor-grid-tablet-2 elementor-grid-mobile-1 elementor-widget elementor-widget-elementor-blog-posts\" data-id=\"cf850d8\" data-element_type=\"widget\" data-settings=\"{&quot;columns&quot;:&quot;2&quot;,&quot;columns_tablet&quot;:&quot;2&quot;,&quot;columns_mobile&quot;:&quot;1&quot;}\" data-widget_type=\"elementor-blog-posts.default\">\n\t\t\t\t<div class=\"elementor-widget-container\">\n\t\t\t\t\t<div class=\"wpcap-grid\">\n\t\t\t\t\t\t<div class=\"wpcap-grid-container elementor-grid wpcap-grid-desktop-2 wpcap-grid-tablet-2 wpcap-grid-mobile-1 grid-meta-bottom\">\n\n\t\t\t\t\n        <article id=\"post-3150\" class=\"wpcap-post post-3150 post type-post status-publish format-standard has-post-thumbnail hentry category-non-classe\">\n         \n            <div class=\"post-grid-inner\">\n            \t\n            \t\t\t\t<div class=\"post-grid-thumbnail\">\n\t\t\t\t<a href=\"https:\/\/eldino.tn\/en\/elementor-3150\/\">\n\t\t\t\t\t<img fetchpriority=\"high\" decoding=\"async\" width=\"512\" height=\"512\" src=\"https:\/\/eldino.tn\/wp-content\/uploads\/2023\/05\/BANNIERE.jpg\" class=\"attachment-full size-full wp-post-image\" alt=\"\" srcset=\"https:\/\/eldino.tn\/wp-content\/uploads\/2023\/05\/BANNIERE.jpg 512w, https:\/\/eldino.tn\/wp-content\/uploads\/2023\/05\/BANNIERE-300x300.jpg 300w, https:\/\/eldino.tn\/wp-content\/uploads\/2023\/05\/BANNIERE-150x150.jpg 150w, https:\/\/eldino.tn\/wp-content\/uploads\/2023\/05\/BANNIERE-12x12.jpg 12w, https:\/\/eldino.tn\/wp-content\/uploads\/2023\/05\/BANNIERE-400x400.jpg 400w, https:\/\/eldino.tn\/wp-content\/uploads\/2023\/05\/BANNIERE-100x100.jpg 100w\" sizes=\"(max-width: 512px) 100vw, 512px\" \/>\t\t\t\t<\/a>\n\t\t\t<\/div>\n        \n                <div class=\"post-grid-text-wrap\">\n               \t\t\t\t<h3 class=\"title\">\n\t\t\t<a href=\"https:\/\/eldino.tn\/en\/elementor-3150\/\">LIBYA BUILD 2023<\/a>\n\t\t<\/h3>\n\t\t\t                \t\t<div class=\"post-grid-excerpt\">\n\t\t\t<p>SPCM will be present at the LIBYA BUILD 2023 show, come visit us at HALL 57 and discover our new products.<\/p>\n\t\t<\/div>\n\t\t\t                \t\t<a class=\"read-more-btn\" href=\"https:\/\/eldino.tn\/en\/elementor-3150\/\">Read more<\/a>\n\t\t                <\/div>\n\n                \t\t<div class=\"post-grid-meta\">\n\t\t\t\n\t\t\t\t<span class=\"post-date\"><time datetime=\"2023-05-19T19:17:51+02:00\">19 May 2023<\/time><\/span>\n\n\t\t\t\t\t\t<\/div>\n\t\t\n            <\/div><!-- .blog-inner -->\n           \n        <\/article>\n\n        \n        <article id=\"post-1\" class=\"wpcap-post post-1 post type-post status-publish format-standard has-post-thumbnail hentry category-non-classe\">\n         \n            <div class=\"post-grid-inner\">\n            \t\n            \t\t\t\t<div class=\"post-grid-thumbnail\">\n\t\t\t\t<a href=\"https:\/\/eldino.tn\/en\/lancement-du-nouveau-site\/\">\n\t\t\t\t\t<img decoding=\"async\" width=\"1976\" height=\"655\" src=\"https:\/\/eldino.tn\/wp-content\/uploads\/2023\/03\/logo-eldino3-1.png\" class=\"attachment-full size-full wp-post-image\" alt=\"\" srcset=\"https:\/\/eldino.tn\/wp-content\/uploads\/2023\/03\/logo-eldino3-1.png 1976w, https:\/\/eldino.tn\/wp-content\/uploads\/2023\/03\/logo-eldino3-1-300x99.png 300w, https:\/\/eldino.tn\/wp-content\/uploads\/2023\/03\/logo-eldino3-1-1024x339.png 1024w, https:\/\/eldino.tn\/wp-content\/uploads\/2023\/03\/logo-eldino3-1-768x255.png 768w, https:\/\/eldino.tn\/wp-content\/uploads\/2023\/03\/logo-eldino3-1-1536x509.png 1536w, https:\/\/eldino.tn\/wp-content\/uploads\/2023\/03\/logo-eldino3-1-18x6.png 18w, https:\/\/eldino.tn\/wp-content\/uploads\/2023\/03\/logo-eldino3-1-400x133.png 400w, https:\/\/eldino.tn\/wp-content\/uploads\/2023\/03\/logo-eldino3-1-600x199.png 600w\" sizes=\"(max-width: 1976px) 100vw, 1976px\" \/>\t\t\t\t<\/a>\n\t\t\t<\/div>\n        \n                <div class=\"post-grid-text-wrap\">\n               \t\t\t\t<h3 class=\"title\">\n\t\t\t<a href=\"https:\/\/eldino.tn\/en\/lancement-du-nouveau-site\/\">Launch of the new website<\/a>\n\t\t<\/h3>\n\t\t\t                \t\t<div class=\"post-grid-excerpt\">\n\t\t\t<p>Nous avons le plaisir d\u2019annoncer le lancement du nouveau site web d\u2019ELDINO, la marque de motorisation de rideau m\u00e9tallique . Ce site a \u00e9t\u00e9 con\u00e7u&hellip;<\/p>\n\t\t<\/div>\n\t\t\t                \t\t<a class=\"read-more-btn\" href=\"https:\/\/eldino.tn\/en\/lancement-du-nouveau-site\/\">Read more<\/a>\n\t\t                <\/div>\n\n                \t\t<div class=\"post-grid-meta\">\n\t\t\t\n\t\t\t\t<span class=\"post-date\"><time datetime=\"2023-03-07T04:54:36+01:00\">7 March 2023<\/time><\/span>\n\n\t\t\t\t\t\t<\/div>\n\t\t\n            <\/div><!-- .blog-inner -->\n           \n        <\/article>\n\n        \n\t\t\t<\/div>\n\t\t<\/div>\n\t\t\t\t<\/div>\n\t\t\t\t<\/div>\n\t\t\t\t\t<\/div>\n\t\t<\/div>\n\t\t\t\t\t<\/div>\n\t\t<\/section>\n\t\t\t\t<\/div>","protected":false},"excerpt":{"rendered":"<p>Actualit\u00e9 Bonjour tout le monde\u00a0! Bienvenue sur WordPress. Ceci est votre premier article. Modifiez-le ou supprimez-le, puis commencez \u00e0 \u00e9crire\u00a0! Lire la suite \u00bb 18 f\u00e9vrier 2023 A real entrepreneur is somebody who has no safety net underneath them. Lorem ipsum dolor sit amet, consectetur adipiscing elit. Pellentesque vitae justo sem. Cras porta molestie leo,&#8230;<\/p>","protected":false},"author":1,"featured_media":0,"parent":0,"menu_order":0,"comment_status":"closed","ping_status":"closed","template":"","meta":{"_kadence_starter_templates_imported_post":false,"_kad_post_transparent":"","_kad_post_title":"hide","_kad_post_layout":"fullwidth","_kad_post_sidebar_id":"","_kad_post_content_style":"unboxed","_kad_post_vertical_padding":"hide","_kad_post_feature":"hide","_kad_post_feature_position":"","_kad_post_header":false,"_kad_post_footer":false,"footnotes":""},"class_list":["post-1968","page","type-page","status-publish","hentry"],"yoast_head":"<!-- This site is optimized with the Yoast SEO plugin v22.4 - https:\/\/yoast.com\/wordpress\/plugins\/seo\/ -->\n<title>Actualit\u00e9s - ELDINO<\/title>\n<meta name=\"description\" content=\"D\u00e9couvrez toutes les actualit\u00e9s et les nouveaut\u00e9s de la marque ELDINO\" \/>\n<meta name=\"robots\" content=\"index, follow, max-snippet:-1, max-image-preview:large, max-video-preview:-1\" \/>\n<link rel=\"canonical\" href=\"https:\/\/eldino.tn\/en\/actualites\/\" \/>\n<meta property=\"og:locale\" content=\"en_GB\" \/>\n<meta property=\"og:type\" content=\"article\" \/>\n<meta property=\"og:title\" content=\"Actualit\u00e9s - ELDINO\" \/>\n<meta property=\"og:description\" content=\"D\u00e9couvrez toutes les actualit\u00e9s et les nouveaut\u00e9s de la marque ELDINO\" \/>\n<meta property=\"og:url\" content=\"https:\/\/eldino.tn\/en\/actualites\/\" \/>\n<meta property=\"og:site_name\" content=\"ELDINO\" \/>\n<meta property=\"article:publisher\" content=\"https:\/\/www.facebook.com\/profile.php?id=100091975544146\" \/>\n<meta property=\"article:modified_time\" content=\"2023-10-31T11:19:34+00:00\" \/>\n<meta property=\"og:image\" content=\"http:\/\/localhost\/site_eldino7\/wp-content\/uploads\/2020\/12\/pexels-andrea-piacquadio-3761508.jpg\" \/>\n<meta name=\"twitter:card\" content=\"summary_large_image\" \/>\n<meta name=\"twitter:label1\" content=\"Estimated reading time\" \/>\n\t<meta name=\"twitter:data1\" content=\"3 minutes\" \/>\n<script type=\"application\/ld+json\" class=\"yoast-schema-graph\">{\"@context\":\"https:\/\/schema.org\",\"@graph\":[{\"@type\":\"WebPage\",\"@id\":\"https:\/\/eldino.tn\/actualites\/\",\"url\":\"https:\/\/eldino.tn\/actualites\/\",\"name\":\"Actualit\u00e9s - ELDINO\",\"isPartOf\":{\"@id\":\"https:\/\/eldino.tn\/#website\"},\"primaryImageOfPage\":{\"@id\":\"https:\/\/eldino.tn\/actualites\/#primaryimage\"},\"image\":{\"@id\":\"https:\/\/eldino.tn\/actualites\/#primaryimage\"},\"thumbnailUrl\":\"http:\/\/localhost\/site_eldino7\/wp-content\/uploads\/2020\/12\/pexels-andrea-piacquadio-3761508.jpg\",\"datePublished\":\"2023-01-30T12:41:36+00:00\",\"dateModified\":\"2023-10-31T11:19:34+00:00\",\"description\":\"D\u00e9couvrez toutes les actualit\u00e9s et les nouveaut\u00e9s de la marque ELDINO\",\"breadcrumb\":{\"@id\":\"https:\/\/eldino.tn\/actualites\/#breadcrumb\"},\"inLanguage\":\"en-GB\",\"potentialAction\":[{\"@type\":\"ReadAction\",\"target\":[\"https:\/\/eldino.tn\/actualites\/\"]}]},{\"@type\":\"ImageObject\",\"inLanguage\":\"en-GB\",\"@id\":\"https:\/\/eldino.tn\/actualites\/#primaryimage\",\"url\":\"http:\/\/localhost\/site_eldino7\/wp-content\/uploads\/2020\/12\/pexels-andrea-piacquadio-3761508.jpg\",\"contentUrl\":\"http:\/\/localhost\/site_eldino7\/wp-content\/uploads\/2020\/12\/pexels-andrea-piacquadio-3761508.jpg\"},{\"@type\":\"BreadcrumbList\",\"@id\":\"https:\/\/eldino.tn\/actualites\/#breadcrumb\",\"itemListElement\":[{\"@type\":\"ListItem\",\"position\":1,\"name\":\"Accueil\",\"item\":\"https:\/\/eldino.tn\/\"},{\"@type\":\"ListItem\",\"position\":2,\"name\":\"Actualit\u00e9s\"}]},{\"@type\":\"WebSite\",\"@id\":\"https:\/\/eldino.tn\/#website\",\"url\":\"https:\/\/eldino.tn\/\",\"name\":\"ELDINO\",\"description\":\"\",\"publisher\":{\"@id\":\"https:\/\/eldino.tn\/#organization\"},\"potentialAction\":[{\"@type\":\"SearchAction\",\"target\":{\"@type\":\"EntryPoint\",\"urlTemplate\":\"https:\/\/eldino.tn\/?s={search_term_string}\"},\"query-input\":\"required name=search_term_string\"}],\"inLanguage\":\"en-GB\"},{\"@type\":\"Organization\",\"@id\":\"https:\/\/eldino.tn\/#organization\",\"name\":\"ELDINO\",\"url\":\"https:\/\/eldino.tn\/\",\"logo\":{\"@type\":\"ImageObject\",\"inLanguage\":\"en-GB\",\"@id\":\"https:\/\/eldino.tn\/#\/schema\/logo\/image\/\",\"url\":\"https:\/\/eldino.tn\/wp-content\/uploads\/2023\/03\/logo-eldino3-1.png\",\"contentUrl\":\"https:\/\/eldino.tn\/wp-content\/uploads\/2023\/03\/logo-eldino3-1.png\",\"width\":1976,\"height\":655,\"caption\":\"ELDINO\"},\"image\":{\"@id\":\"https:\/\/eldino.tn\/#\/schema\/logo\/image\/\"},\"sameAs\":[\"https:\/\/www.facebook.com\/profile.php?id=100091975544146\"]}]}<\/script>\n<!-- \/ Yoast SEO plugin. -->","yoast_head_json":{"title":"Actualit\u00e9s - ELDINO","description":"D\u00e9couvrez toutes les actualit\u00e9s et les nouveaut\u00e9s de la marque ELDINO","robots":{"index":"index","follow":"follow","max-snippet":"max-snippet:-1","max-image-preview":"max-image-preview:large","max-video-preview":"max-video-preview:-1"},"canonical":"https:\/\/eldino.tn\/en\/actualites\/","og_locale":"en_GB","og_type":"article","og_title":"Actualit\u00e9s - ELDINO","og_description":"D\u00e9couvrez toutes les actualit\u00e9s et les nouveaut\u00e9s de la marque ELDINO","og_url":"https:\/\/eldino.tn\/en\/actualites\/","og_site_name":"ELDINO","article_publisher":"https:\/\/www.facebook.com\/profile.php?id=100091975544146","article_modified_time":"2023-10-31T11:19:34+00:00","og_image":[{"url":"http:\/\/localhost\/site_eldino7\/wp-content\/uploads\/2020\/12\/pexels-andrea-piacquadio-3761508.jpg"}],"twitter_card":"summary_large_image","twitter_misc":{"Estimated reading time":"3 minutes"},"schema":{"@context":"https:\/\/schema.org","@graph":[{"@type":"WebPage","@id":"https:\/\/eldino.tn\/actualites\/","url":"https:\/\/eldino.tn\/actualites\/","name":"Actualit\u00e9s - ELDINO","isPartOf":{"@id":"https:\/\/eldino.tn\/#website"},"primaryImageOfPage":{"@id":"https:\/\/eldino.tn\/actualites\/#primaryimage"},"image":{"@id":"https:\/\/eldino.tn\/actualites\/#primaryimage"},"thumbnailUrl":"http:\/\/localhost\/site_eldino7\/wp-content\/uploads\/2020\/12\/pexels-andrea-piacquadio-3761508.jpg","datePublished":"2023-01-30T12:41:36+00:00","dateModified":"2023-10-31T11:19:34+00:00","description":"D\u00e9couvrez toutes les actualit\u00e9s et les nouveaut\u00e9s de la marque ELDINO","breadcrumb":{"@id":"https:\/\/eldino.tn\/actualites\/#breadcrumb"},"inLanguage":"en-GB","potentialAction":[{"@type":"ReadAction","target":["https:\/\/eldino.tn\/actualites\/"]}]},{"@type":"ImageObject","inLanguage":"en-GB","@id":"https:\/\/eldino.tn\/actualites\/#primaryimage","url":"http:\/\/localhost\/site_eldino7\/wp-content\/uploads\/2020\/12\/pexels-andrea-piacquadio-3761508.jpg","contentUrl":"http:\/\/localhost\/site_eldino7\/wp-content\/uploads\/2020\/12\/pexels-andrea-piacquadio-3761508.jpg"},{"@type":"BreadcrumbList","@id":"https:\/\/eldino.tn\/actualites\/#breadcrumb","itemListElement":[{"@type":"ListItem","position":1,"name":"Accueil","item":"https:\/\/eldino.tn\/"},{"@type":"ListItem","position":2,"name":"Actualit\u00e9s"}]},{"@type":"WebSite","@id":"https:\/\/eldino.tn\/#website","url":"https:\/\/eldino.tn\/","name":"ELDINO","description":"","publisher":{"@id":"https:\/\/eldino.tn\/#organization"},"potentialAction":[{"@type":"SearchAction","target":{"@type":"EntryPoint","urlTemplate":"https:\/\/eldino.tn\/?s={search_term_string}"},"query-input":"required name=search_term_string"}],"inLanguage":"en-GB"},{"@type":"Organization","@id":"https:\/\/eldino.tn\/#organization","name":"ELDINO","url":"https:\/\/eldino.tn\/","logo":{"@type":"ImageObject","inLanguage":"en-GB","@id":"https:\/\/eldino.tn\/#\/schema\/logo\/image\/","url":"https:\/\/eldino.tn\/wp-content\/uploads\/2023\/03\/logo-eldino3-1.png","contentUrl":"https:\/\/eldino.tn\/wp-content\/uploads\/2023\/03\/logo-eldino3-1.png","width":1976,"height":655,"caption":"ELDINO"},"image":{"@id":"https:\/\/eldino.tn\/#\/schema\/logo\/image\/"},"sameAs":["https:\/\/www.facebook.com\/profile.php?id=100091975544146"]}]}},"_links":{"self":[{"href":"https:\/\/eldino.tn\/en\/wp-json\/wp\/v2\/pages\/1968","targetHints":{"allow":["GET"]}}],"collection":[{"href":"https:\/\/eldino.tn\/en\/wp-json\/wp\/v2\/pages"}],"about":[{"href":"https:\/\/eldino.tn\/en\/wp-json\/wp\/v2\/types\/page"}],"author":[{"embeddable":true,"href":"https:\/\/eldino.tn\/en\/wp-json\/wp\/v2\/users\/1"}],"replies":[{"embeddable":true,"href":"https:\/\/eldino.tn\/en\/wp-json\/wp\/v2\/comments?post=1968"}],"version-history":[{"count":2,"href":"https:\/\/eldino.tn\/en\/wp-json\/wp\/v2\/pages\/1968\/revisions"}],"predecessor-version":[{"id":3179,"href":"https:\/\/eldino.tn\/en\/wp-json\/wp\/v2\/pages\/1968\/revisions\/3179"}],"wp:attachment":[{"href":"https:\/\/eldino.tn\/en\/wp-json\/wp\/v2\/media?parent=1968"}],"curies":[{"name":"wp","href":"https:\/\/api.w.org\/{rel}","templated":true}]}}