{"id":1256,"date":"2020-12-11T13:32:00","date_gmt":"2020-12-11T12:32:00","guid":{"rendered":"http:\/\/www.grafas.org\/demo06\/?page_id=840"},"modified":"2023-10-31T13:15:20","modified_gmt":"2023-10-31T12:15:20","slug":"a-propos","status":"publish","type":"page","link":"https:\/\/eldino.tn\/en\/a-propos\/","title":{"rendered":"About"},"content":{"rendered":"<div data-elementor-type=\"wp-page\" data-elementor-id=\"1256\" class=\"elementor elementor-1256\">\n\t\t\t\t\t\t<section class=\"elementor-section elementor-top-section elementor-element elementor-element-8824bee elementor-section-height-min-height elementor-section-content-middle elementor-section-boxed elementor-section-height-default elementor-section-items-middle\" data-id=\"8824bee\" data-element_type=\"section\" data-settings=\"{&quot;background_background&quot;:&quot;classic&quot;}\">\n\t\t\t\t\t\t\t<div class=\"elementor-background-overlay\"><\/div>\n\t\t\t\t\t\t\t<div class=\"elementor-container elementor-column-gap-default\">\n\t\t\t\t\t<div class=\"elementor-column elementor-col-100 elementor-top-column elementor-element elementor-element-7e708cc\" data-id=\"7e708cc\" data-element_type=\"column\">\n\t\t\t<div class=\"elementor-widget-wrap elementor-element-populated\">\n\t\t\t\t\t\t<div class=\"elementor-element elementor-element-1dc74c0 elementor-widget elementor-widget-heading\" data-id=\"1dc74c0\" data-element_type=\"widget\" data-widget_type=\"heading.default\">\n\t\t\t\t<div class=\"elementor-widget-container\">\n\t\t\t<style>\/*! elementor - v3.20.0 - 26-03-2024 *\/\n.elementor-heading-title{padding:0;margin:0;line-height:1}.elementor-widget-heading .elementor-heading-title[class*=elementor-size-]>a{color:inherit;font-size:inherit;line-height:inherit}.elementor-widget-heading .elementor-heading-title.elementor-size-small{font-size:15px}.elementor-widget-heading .elementor-heading-title.elementor-size-medium{font-size:19px}.elementor-widget-heading .elementor-heading-title.elementor-size-large{font-size:29px}.elementor-widget-heading .elementor-heading-title.elementor-size-xl{font-size:39px}.elementor-widget-heading .elementor-heading-title.elementor-size-xxl{font-size:59px}<\/style><p class=\"elementor-heading-title elementor-size-default\">About<\/p>\t\t<\/div>\n\t\t\t\t<\/div>\n\t\t\t\t\t<\/div>\n\t\t<\/div>\n\t\t\t\t\t<\/div>\n\t\t<\/section>\n\t\t\t\t<section class=\"elementor-section elementor-top-section elementor-element elementor-element-760c397 elementor-section-height-min-height elementor-section-content-middle elementor-section-boxed elementor-section-height-default elementor-section-items-middle\" data-id=\"760c397\" data-element_type=\"section\" data-settings=\"{&quot;background_background&quot;:&quot;classic&quot;}\">\n\t\t\t\t\t\t<div class=\"elementor-container elementor-column-gap-default\">\n\t\t\t\t\t<div class=\"elementor-column elementor-col-100 elementor-top-column elementor-element elementor-element-3675807\" data-id=\"3675807\" data-element_type=\"column\" data-settings=\"{&quot;background_background&quot;:&quot;classic&quot;}\">\n\t\t\t<div class=\"elementor-widget-wrap elementor-element-populated\">\n\t\t\t\t\t\t<section class=\"elementor-section elementor-inner-section elementor-element elementor-element-ab88820 elementor-section-height-min-height elementor-section-boxed elementor-section-height-default\" data-id=\"ab88820\" data-element_type=\"section\">\n\t\t\t\t\t\t<div class=\"elementor-container elementor-column-gap-default\">\n\t\t\t\t\t<div class=\"elementor-column elementor-col-50 elementor-inner-column elementor-element elementor-element-f6e0a8a\" data-id=\"f6e0a8a\" data-element_type=\"column\" data-settings=\"{&quot;background_background&quot;:&quot;classic&quot;}\">\n\t\t\t<div class=\"elementor-widget-wrap\">\n\t\t\t\t\t\t\t<\/div>\n\t\t<\/div>\n\t\t\t\t<div class=\"elementor-column elementor-col-50 elementor-inner-column elementor-element elementor-element-5ec7dbe\" data-id=\"5ec7dbe\" data-element_type=\"column\">\n\t\t\t<div class=\"elementor-widget-wrap\">\n\t\t\t\t\t\t\t<\/div>\n\t\t<\/div>\n\t\t\t\t\t<\/div>\n\t\t<\/section>\n\t\t\t\t\t<\/div>\n\t\t<\/div>\n\t\t\t\t\t<\/div>\n\t\t<\/section>\n\t\t\t\t<section class=\"elementor-section elementor-top-section elementor-element elementor-element-d3b1bce elementor-section-boxed elementor-section-height-default elementor-section-height-default\" data-id=\"d3b1bce\" data-element_type=\"section\">\n\t\t\t\t\t\t<div class=\"elementor-container elementor-column-gap-default\">\n\t\t\t\t\t<div class=\"elementor-column elementor-col-100 elementor-top-column elementor-element elementor-element-ff4f6b6\" data-id=\"ff4f6b6\" data-element_type=\"column\">\n\t\t\t<div class=\"elementor-widget-wrap elementor-element-populated\">\n\t\t\t\t\t\t<div class=\"elementor-element elementor-element-2a2dfd6f elementor-widget elementor-widget-text-editor\" data-id=\"2a2dfd6f\" data-element_type=\"widget\" data-widget_type=\"text-editor.default\">\n\t\t\t\t<div class=\"elementor-widget-container\">\n\t\t\t<style>\/*! elementor - v3.20.0 - 26-03-2024 *\/\n.elementor-widget-text-editor.elementor-drop-cap-view-stacked .elementor-drop-cap{background-color:#69727d;color:#fff}.elementor-widget-text-editor.elementor-drop-cap-view-framed .elementor-drop-cap{color:#69727d;border:3px solid;background-color:transparent}.elementor-widget-text-editor:not(.elementor-drop-cap-view-default) .elementor-drop-cap{margin-top:8px}.elementor-widget-text-editor:not(.elementor-drop-cap-view-default) .elementor-drop-cap-letter{width:1em;height:1em}.elementor-widget-text-editor .elementor-drop-cap{float:left;text-align:center;line-height:1;font-size:50px}.elementor-widget-text-editor .elementor-drop-cap-letter{display:inline-block}<\/style>\t\t\t\t<p class=\" translation-block\">We are proud to present our latest innovation, the \"Eldino RAPTOR\" rolling shutter motor. This powerful and reliable motor is designed to provide easy and convenient operation of your rolling shutters. It is available in different sizes and power capacities to suit various shutter sizes and weights. With its cutting-edge technology and advanced features, the Eldino RAPTOR delivers smooth and quiet performance, ensuring that your shutters operate efficiently and effectively. Whether you're looking to enhance your property\u2019s security or enjoy the convenience of remote-controlled shutters, the Eldino RAPTOR is the perfect solution for you. In addition, the Eldino RAPTOR is built to last, with a sturdy and durable design, while its low noise output ensures a peaceful and comfortable environment. The motor is also easy to install and maintain, making it a hassle-free solution for both residential and commercial properties. With its superior performance, durability, and ease of use, the Eldino RAPTOR is the perfect choice for anyone looking for a reliable and efficient rolling shutter motor.<\/p>\t\t\t\t\t\t<\/div>\n\t\t\t\t<\/div>\n\t\t\t\t\t<\/div>\n\t\t<\/div>\n\t\t\t\t\t<\/div>\n\t\t<\/section>\n\t\t\t\t<section class=\"elementor-section elementor-top-section elementor-element elementor-element-d128866 elementor-section-boxed elementor-section-height-default elementor-section-height-default\" data-id=\"d128866\" data-element_type=\"section\">\n\t\t\t\t\t\t<div class=\"elementor-container elementor-column-gap-default\">\n\t\t\t\t\t<div class=\"elementor-column elementor-col-100 elementor-top-column elementor-element elementor-element-801bc3f\" data-id=\"801bc3f\" data-element_type=\"column\">\n\t\t\t<div class=\"elementor-widget-wrap elementor-element-populated\">\n\t\t\t\t\t\t<div class=\"elementor-element elementor-element-9c2fe91 elementor-widget elementor-widget-heading\" data-id=\"9c2fe91\" data-element_type=\"widget\" data-widget_type=\"heading.default\">\n\t\t\t\t<div class=\"elementor-widget-container\">\n\t\t\t<h3 class=\"elementor-heading-title elementor-size-default\">Our vision<\/h3>\t\t<\/div>\n\t\t\t\t<\/div>\n\t\t\t\t<div class=\"elementor-element elementor-element-057aa1c elementor-widget elementor-widget-text-editor\" data-id=\"057aa1c\" data-element_type=\"widget\" data-widget_type=\"text-editor.default\">\n\t\t\t\t<div class=\"elementor-widget-container\">\n\t\t\t\t\t\t\t<p>We aim to offer innovative and state-of-the-art products to meet the needs of our customers. With a focus on exceptional customer service and developing lasting relationships with our customers, we strive to ensure our customers are completely satisfied every step of the way. We are proud of our origins and are committed to continuing to grow while respecting the core values that are the basis of our future success.<\/p>\t\t\t\t\t\t<\/div>\n\t\t\t\t<\/div>\n\t\t\t\t\t<\/div>\n\t\t<\/div>\n\t\t\t\t\t<\/div>\n\t\t<\/section>\n\t\t\t\t<\/div>","protected":false},"excerpt":{"rendered":"<p>A propos Nous sommes fiers de vous pr\u00e9senter notre derni\u00e8re innovation, le moteur de rideau m\u00e9tallique \u00a0\u00ab\u00a0Eldino RAPTOR\u00a0\u00bb\u00a0. Ce moteur puissant et fiable est con\u00e7u pour offrir un fonctionnement facile et pratique de vos rideaux m\u00e9talliques. Il est disponible en diff\u00e9rentes tailles et capacit\u00e9s de puissance pour s\u2019adapter aux diff\u00e9rentes tailles et poids de rideaux&#8230;<\/p>","protected":false},"author":1,"featured_media":0,"parent":0,"menu_order":0,"comment_status":"closed","ping_status":"closed","template":"","meta":{"_kadence_starter_templates_imported_post":true,"_kad_post_transparent":"","_kad_post_title":"hide","_kad_post_layout":"fullwidth","_kad_post_sidebar_id":"","_kad_post_content_style":"unboxed","_kad_post_vertical_padding":"hide","_kad_post_feature":"hide","_kad_post_feature_position":"","_kad_post_header":false,"_kad_post_footer":false,"footnotes":""},"class_list":["post-1256","page","type-page","status-publish","hentry"],"yoast_head":"<!-- This site is optimized with the Yoast SEO plugin v22.4 - https:\/\/yoast.com\/wordpress\/plugins\/seo\/ -->\n<title>A propos - ELDINO<\/title>\n<meta name=\"description\" content=\"Nous sommes fiers de pr\u00e9senter notre moteur de rideau m\u00e9tallique &quot;ELDINO RAPTOR&quot;, un choix puissant, fiable et durable.\" \/>\n<meta name=\"robots\" content=\"index, follow, max-snippet:-1, max-image-preview:large, max-video-preview:-1\" \/>\n<link rel=\"canonical\" href=\"https:\/\/eldino.tn\/en\/a-propos\/\" \/>\n<meta property=\"og:locale\" content=\"en_GB\" \/>\n<meta property=\"og:type\" content=\"article\" \/>\n<meta property=\"og:title\" content=\"A propos - ELDINO\" \/>\n<meta property=\"og:description\" content=\"Nous sommes fiers de pr\u00e9senter notre moteur de rideau m\u00e9tallique &quot;ELDINO RAPTOR&quot;, un choix puissant, fiable et durable.\" \/>\n<meta property=\"og:url\" content=\"https:\/\/eldino.tn\/en\/a-propos\/\" \/>\n<meta property=\"og:site_name\" content=\"ELDINO\" \/>\n<meta property=\"article:publisher\" content=\"https:\/\/www.facebook.com\/profile.php?id=100091975544146\" \/>\n<meta property=\"article:modified_time\" content=\"2023-10-31T12:15:20+00:00\" \/>\n<meta property=\"og:image\" content=\"https:\/\/eldino.tn\/wp-content\/uploads\/2023\/10\/HOME-ELDINO.jpg\" \/>\n\t<meta property=\"og:image:width\" content=\"1154\" \/>\n\t<meta property=\"og:image:height\" content=\"888\" \/>\n\t<meta property=\"og:image:type\" content=\"image\/jpeg\" \/>\n<meta name=\"twitter:card\" content=\"summary_large_image\" \/>\n<meta name=\"twitter:label1\" content=\"Estimated reading time\" \/>\n\t<meta name=\"twitter:data1\" content=\"2 minutes\" \/>\n<script type=\"application\/ld+json\" class=\"yoast-schema-graph\">{\"@context\":\"https:\/\/schema.org\",\"@graph\":[{\"@type\":\"WebPage\",\"@id\":\"https:\/\/eldino.tn\/a-propos\/\",\"url\":\"https:\/\/eldino.tn\/a-propos\/\",\"name\":\"A propos - ELDINO\",\"isPartOf\":{\"@id\":\"https:\/\/eldino.tn\/#website\"},\"datePublished\":\"2020-12-11T12:32:00+00:00\",\"dateModified\":\"2023-10-31T12:15:20+00:00\",\"description\":\"Nous sommes fiers de pr\u00e9senter notre moteur de rideau m\u00e9tallique \\\"ELDINO RAPTOR\\\", un choix puissant, fiable et durable.\",\"breadcrumb\":{\"@id\":\"https:\/\/eldino.tn\/a-propos\/#breadcrumb\"},\"inLanguage\":\"en-GB\",\"potentialAction\":[{\"@type\":\"ReadAction\",\"target\":[\"https:\/\/eldino.tn\/a-propos\/\"]}]},{\"@type\":\"BreadcrumbList\",\"@id\":\"https:\/\/eldino.tn\/a-propos\/#breadcrumb\",\"itemListElement\":[{\"@type\":\"ListItem\",\"position\":1,\"name\":\"Accueil\",\"item\":\"https:\/\/eldino.tn\/\"},{\"@type\":\"ListItem\",\"position\":2,\"name\":\"A propos\"}]},{\"@type\":\"WebSite\",\"@id\":\"https:\/\/eldino.tn\/#website\",\"url\":\"https:\/\/eldino.tn\/\",\"name\":\"ELDINO\",\"description\":\"\",\"publisher\":{\"@id\":\"https:\/\/eldino.tn\/#organization\"},\"potentialAction\":[{\"@type\":\"SearchAction\",\"target\":{\"@type\":\"EntryPoint\",\"urlTemplate\":\"https:\/\/eldino.tn\/?s={search_term_string}\"},\"query-input\":\"required name=search_term_string\"}],\"inLanguage\":\"en-GB\"},{\"@type\":\"Organization\",\"@id\":\"https:\/\/eldino.tn\/#organization\",\"name\":\"ELDINO\",\"url\":\"https:\/\/eldino.tn\/\",\"logo\":{\"@type\":\"ImageObject\",\"inLanguage\":\"en-GB\",\"@id\":\"https:\/\/eldino.tn\/#\/schema\/logo\/image\/\",\"url\":\"https:\/\/eldino.tn\/wp-content\/uploads\/2023\/03\/logo-eldino3-1.png\",\"contentUrl\":\"https:\/\/eldino.tn\/wp-content\/uploads\/2023\/03\/logo-eldino3-1.png\",\"width\":1976,\"height\":655,\"caption\":\"ELDINO\"},\"image\":{\"@id\":\"https:\/\/eldino.tn\/#\/schema\/logo\/image\/\"},\"sameAs\":[\"https:\/\/www.facebook.com\/profile.php?id=100091975544146\"]}]}<\/script>\n<!-- \/ Yoast SEO plugin. -->","yoast_head_json":{"title":"A propos - ELDINO","description":"Nous sommes fiers de pr\u00e9senter notre moteur de rideau m\u00e9tallique \"ELDINO RAPTOR\", un choix puissant, fiable et durable.","robots":{"index":"index","follow":"follow","max-snippet":"max-snippet:-1","max-image-preview":"max-image-preview:large","max-video-preview":"max-video-preview:-1"},"canonical":"https:\/\/eldino.tn\/en\/a-propos\/","og_locale":"en_GB","og_type":"article","og_title":"A propos - ELDINO","og_description":"Nous sommes fiers de pr\u00e9senter notre moteur de rideau m\u00e9tallique \"ELDINO RAPTOR\", un choix puissant, fiable et durable.","og_url":"https:\/\/eldino.tn\/en\/a-propos\/","og_site_name":"ELDINO","article_publisher":"https:\/\/www.facebook.com\/profile.php?id=100091975544146","article_modified_time":"2023-10-31T12:15:20+00:00","og_image":[{"width":1154,"height":888,"url":"https:\/\/eldino.tn\/wp-content\/uploads\/2023\/10\/HOME-ELDINO.jpg","type":"image\/jpeg"}],"twitter_card":"summary_large_image","twitter_misc":{"Estimated reading time":"2 minutes"},"schema":{"@context":"https:\/\/schema.org","@graph":[{"@type":"WebPage","@id":"https:\/\/eldino.tn\/a-propos\/","url":"https:\/\/eldino.tn\/a-propos\/","name":"A propos - ELDINO","isPartOf":{"@id":"https:\/\/eldino.tn\/#website"},"datePublished":"2020-12-11T12:32:00+00:00","dateModified":"2023-10-31T12:15:20+00:00","description":"Nous sommes fiers de pr\u00e9senter notre moteur de rideau m\u00e9tallique \"ELDINO RAPTOR\", un choix puissant, fiable et durable.","breadcrumb":{"@id":"https:\/\/eldino.tn\/a-propos\/#breadcrumb"},"inLanguage":"en-GB","potentialAction":[{"@type":"ReadAction","target":["https:\/\/eldino.tn\/a-propos\/"]}]},{"@type":"BreadcrumbList","@id":"https:\/\/eldino.tn\/a-propos\/#breadcrumb","itemListElement":[{"@type":"ListItem","position":1,"name":"Accueil","item":"https:\/\/eldino.tn\/"},{"@type":"ListItem","position":2,"name":"A propos"}]},{"@type":"WebSite","@id":"https:\/\/eldino.tn\/#website","url":"https:\/\/eldino.tn\/","name":"ELDINO","description":"","publisher":{"@id":"https:\/\/eldino.tn\/#organization"},"potentialAction":[{"@type":"SearchAction","target":{"@type":"EntryPoint","urlTemplate":"https:\/\/eldino.tn\/?s={search_term_string}"},"query-input":"required name=search_term_string"}],"inLanguage":"en-GB"},{"@type":"Organization","@id":"https:\/\/eldino.tn\/#organization","name":"ELDINO","url":"https:\/\/eldino.tn\/","logo":{"@type":"ImageObject","inLanguage":"en-GB","@id":"https:\/\/eldino.tn\/#\/schema\/logo\/image\/","url":"https:\/\/eldino.tn\/wp-content\/uploads\/2023\/03\/logo-eldino3-1.png","contentUrl":"https:\/\/eldino.tn\/wp-content\/uploads\/2023\/03\/logo-eldino3-1.png","width":1976,"height":655,"caption":"ELDINO"},"image":{"@id":"https:\/\/eldino.tn\/#\/schema\/logo\/image\/"},"sameAs":["https:\/\/www.facebook.com\/profile.php?id=100091975544146"]}]}},"_links":{"self":[{"href":"https:\/\/eldino.tn\/en\/wp-json\/wp\/v2\/pages\/1256","targetHints":{"allow":["GET"]}}],"collection":[{"href":"https:\/\/eldino.tn\/en\/wp-json\/wp\/v2\/pages"}],"about":[{"href":"https:\/\/eldino.tn\/en\/wp-json\/wp\/v2\/types\/page"}],"author":[{"embeddable":true,"href":"https:\/\/eldino.tn\/en\/wp-json\/wp\/v2\/users\/1"}],"replies":[{"embeddable":true,"href":"https:\/\/eldino.tn\/en\/wp-json\/wp\/v2\/comments?post=1256"}],"version-history":[{"count":7,"href":"https:\/\/eldino.tn\/en\/wp-json\/wp\/v2\/pages\/1256\/revisions"}],"predecessor-version":[{"id":3182,"href":"https:\/\/eldino.tn\/en\/wp-json\/wp\/v2\/pages\/1256\/revisions\/3182"}],"wp:attachment":[{"href":"https:\/\/eldino.tn\/en\/wp-json\/wp\/v2\/media?parent=1256"}],"curies":[{"name":"wp","href":"https:\/\/api.w.org\/{rel}","templated":true}]}}